{"id":988291,"date":"2024-02-14T12:26:41","date_gmt":"2024-02-14T11:26:41","guid":{"rendered":"https:\/\/vitavera-therapy.com\/psicoterapia-dei-bambini-e-degli-adolescenti\/"},"modified":"2025-12-30T15:45:00","modified_gmt":"2025-12-30T14:45:00","slug":"psicoterapia-dei-bambini-e-degli-adolescenti","status":"publish","type":"page","link":"https:\/\/vitavera-therapy.com\/it\/psicoterapia-dei-bambini-e-degli-adolescenti\/","title":{"rendered":"Psicoterapia dei bambini e degli adolescenti"},"content":{"rendered":"<div class=\"vgblk-rw-wrapper limit-wrapper\">\r\n\r\n\t<h2>Psicoterapia dei bambini e degli adolescenti<\/h2>\r\n<p>I bambini e gli adolescenti solitamente iniziano un percorso di psicoterapia perch\u00e9 le persone a loro vicine (molto spesso i genitori, ma anche parenti o insegnanti) notano che c&#8217;\u00e8 \u00bbqualcosa che non va\u00ab. I problemi pi\u00f9 frequenti che destano preoccupazione sono:<\/p>\r\n<ul>\r\n<li>un inspiegabile calo nel rendimento scolastico e\/o nell&#8217;interesse verso certe attivit\u00e0<\/li>\r\n<li>il bambino\/adolescente ha vissuto un&#8217;esperienza traumatica<\/li>\r\n<li>chiusura in s\u00e9 stesso<\/li>\r\n<li>comportamento aggressivo e\/o forti difficolt\u00e0 nella gestione delle emozioni<\/li>\r\n<li>ansia sociale, attacchi di panico<\/li>\r\n<li>perdita di una persona cara<\/li>\r\n<li>separazione dei genitori<\/li>\r\n<li>bassa autostima<\/li>\r\n<li>problemi legati al sonno<\/li>\r\n<li>regressione (il bambino regredisce nel comportamento, ad esempio ricomincia a fare la pip\u00ec a letto)<\/li>\r\n<li>disturbi del comportamento alimentare<\/li>\r\n<\/ul>\r\n<p>Nel trattamento dei bambini e degli adolescenti vengono sempre inclusi anche i genitori o tutori, in quale misura dipende dalle problematiche e dall&#8217;et\u00e0 del bambino. Almeno all&#8217;inizio del percorso organizziamo sempre un primo incontro con i genitori per conoscere il loro punto di vista e creare cos\u00ec un quadro della situazione pi\u00f9 completo. Alle famiglie ripeto sempre che il trattamento dei bambini non pu\u00f2 funzionare se pensano di portarlo da me per farlo \u00bbaggiustare\u00ab mentre loro non sono disposti a collaborare. I percorsi psicoterapeutici dei bambini e degli adolescenti sono spesso pi\u00f9 brevi ed efficaci proprio quando instauriamo una buona collaborazione con i genitori. Non di rado infatti i problemi espressi dal bambino sotto forma di sintomi riflettono alcune dinamiche del sistema di cui fa parte, cio\u00e8 la famiglia. D&#8217;altro canto \u00e8 invece proprio la famiglia a rappresentare la pi\u00f9 grande risorsa ed il pi\u00f9 grande supporto per il bambino. Con l&#8217;aiuto della psicoterapia \u00e8 possibile imparare a comunicare meglio in famiglia, come anche a capire e rispondere in modo efficace ai bisogni del bambino.<\/p>\r\n<p><strong>Il trattamento di bambini e adolescenti viene adeguato in base alla loro et\u00e0.<\/strong> Molto probabilmente non staremo seduti sul divano, ma giocheremo e sperimenteremo diverse tecniche creative utilizzando la musica, il ballo, il metodo analogico del fiume della vita, i pupazzi, l&#8217;argilla, il disegno, le storie, gli esercizi di respirazione o di mindfulness per bambini e tanto altro. Oltre all&#8217;inquadratura teorica e pratica che ho acquisito durante la specializzazione quadriennale in psicoterapia sistemica, ho arricchito le mie conoscenze nell&#8217;ambito della psicoterapia infantile con la formazione in Gestalt Play Therapy.<\/p>\r\n<p>&nbsp;<\/p>\r\n<h2>Informazioni tecniche<\/h2>\r\n<p>Le sedute di psicoterapia vengono svolte di persona oppure online. Solitamente gli incontri hanno cadenza settimanale con orario da concordare. In caso di annullamento siete pregati di avvisare con almeno 24 ore di preavviso, altrimenti la seduta viene fatturata.<\/p>\r\n<p>Prezzo: psicoterapia individuale 60 euro; psicoterapia di coppia o familiare 75 euro.<\/p>\r\n\r\n<\/div><!-- .vgblk-rw-wrapper -->","protected":false},"excerpt":{"rendered":"<p>Psicoterapia dei bambini e degli adolescenti I bambini e gli adolescenti solitamente iniziano un percorso di psicoterapia perch\u00e9 le persone a loro vicine (molto spesso i genitori, ma anche parenti o insegnanti) notano che c&#8217;\u00e8 \u00bbqualcosa che non va\u00ab. I problemi pi\u00f9 frequenti che destano preoccupazione sono: un inspiegabile calo nel rendimento scolastico e\/o nell&#8217;interesse&#8230;<\/p>\n","protected":false},"author":1,"featured_media":0,"parent":0,"menu_order":0,"comment_status":"closed","ping_status":"closed","template":"","meta":{"inline_featured_image":false,"_monsterinsights_skip_tracking":false,"_monsterinsights_sitenote_active":false,"_monsterinsights_sitenote_note":"","_monsterinsights_sitenote_category":0,"footnotes":""},"class_list":["post-988291","page","type-page","status-publish","hentry"],"yoast_head":"<!-- This site is optimized with the Yoast SEO plugin v27.4 - https:\/\/yoast.com\/product\/yoast-seo-wordpress\/ -->\n<title>Psicoterapia dei bambini e degli adolescenti - VITAVERA<\/title>\n<meta name=\"description\" content=\"I bambini e gli adolescenti solitamente iniziano un percorso di psicoterapia perch\u00e9 le persone a loro vicine...\" \/>\n<meta name=\"robots\" content=\"index, follow, max-snippet:-1, max-image-preview:large, max-video-preview:-1\" \/>\n<link rel=\"canonical\" href=\"https:\/\/vitavera-therapy.com\/it\/psicoterapia-dei-bambini-e-degli-adolescenti\/\" \/>\n<meta property=\"og:locale\" content=\"it_IT\" \/>\n<meta property=\"og:type\" content=\"article\" \/>\n<meta property=\"og:title\" content=\"Psicoterapia dei bambini e degli adolescenti - VITAVERA\" \/>\n<meta property=\"og:description\" content=\"I bambini e gli adolescenti solitamente iniziano un percorso di psicoterapia perch\u00e9 le persone a loro vicine...\" \/>\n<meta property=\"og:url\" content=\"https:\/\/vitavera-therapy.com\/it\/psicoterapia-dei-bambini-e-degli-adolescenti\/\" \/>\n<meta property=\"og:site_name\" content=\"VITAVERA\" \/>\n<meta property=\"article:publisher\" content=\"https:\/\/www.facebook.com\/VitaVeraTherapy\" \/>\n<meta property=\"article:modified_time\" content=\"2025-12-30T14:45:00+00:00\" \/>\n<meta property=\"og:image\" content=\"https:\/\/vitavera-therapy.com\/wp-content\/uploads\/2022\/02\/cropped-Vitavera_Gradient-LOGO_HORIZONTAL.png\" \/>\n\t<meta property=\"og:image:width\" content=\"1808\" \/>\n\t<meta property=\"og:image:height\" content=\"280\" \/>\n\t<meta property=\"og:image:type\" content=\"image\/png\" \/>\n<meta name=\"twitter:card\" content=\"summary_large_image\" \/>\n<meta name=\"twitter:label1\" content=\"Tempo di lettura stimato\" \/>\n\t<meta name=\"twitter:data1\" content=\"3 minuti\" \/>\n<script type=\"application\/ld+json\" class=\"yoast-schema-graph\">{\"@context\":\"https:\\\/\\\/schema.org\",\"@graph\":[{\"@type\":\"WebPage\",\"@id\":\"https:\\\/\\\/vitavera-therapy.com\\\/it\\\/psicoterapia-dei-bambini-e-degli-adolescenti\\\/\",\"url\":\"https:\\\/\\\/vitavera-therapy.com\\\/it\\\/psicoterapia-dei-bambini-e-degli-adolescenti\\\/\",\"name\":\"Psicoterapia dei bambini e degli adolescenti - VITAVERA\",\"isPartOf\":{\"@id\":\"https:\\\/\\\/vitavera-therapy.com\\\/it\\\/#website\"},\"datePublished\":\"2024-02-14T11:26:41+00:00\",\"dateModified\":\"2025-12-30T14:45:00+00:00\",\"description\":\"I bambini e gli adolescenti solitamente iniziano un percorso di psicoterapia perch\u00e9 le persone a loro vicine...\",\"breadcrumb\":{\"@id\":\"https:\\\/\\\/vitavera-therapy.com\\\/it\\\/psicoterapia-dei-bambini-e-degli-adolescenti\\\/#breadcrumb\"},\"inLanguage\":\"it-IT\",\"potentialAction\":[{\"@type\":\"ReadAction\",\"target\":[\"https:\\\/\\\/vitavera-therapy.com\\\/it\\\/psicoterapia-dei-bambini-e-degli-adolescenti\\\/\"]}]},{\"@type\":\"BreadcrumbList\",\"@id\":\"https:\\\/\\\/vitavera-therapy.com\\\/it\\\/psicoterapia-dei-bambini-e-degli-adolescenti\\\/#breadcrumb\",\"itemListElement\":[{\"@type\":\"ListItem\",\"position\":1,\"name\":\"Vitavera\",\"item\":\"https:\\\/\\\/vitavera-therapy.com\\\/it\\\/\"},{\"@type\":\"ListItem\",\"position\":2,\"name\":\"Psicoterapia dei bambini e degli adolescenti\"}]},{\"@type\":\"WebSite\",\"@id\":\"https:\\\/\\\/vitavera-therapy.com\\\/it\\\/#website\",\"url\":\"https:\\\/\\\/vitavera-therapy.com\\\/it\\\/\",\"name\":\"VITAVERA\",\"description\":\"\",\"publisher\":{\"@id\":\"https:\\\/\\\/vitavera-therapy.com\\\/it\\\/#organization\"},\"potentialAction\":[{\"@type\":\"SearchAction\",\"target\":{\"@type\":\"EntryPoint\",\"urlTemplate\":\"https:\\\/\\\/vitavera-therapy.com\\\/it\\\/?s={search_term_string}\"},\"query-input\":{\"@type\":\"PropertyValueSpecification\",\"valueRequired\":true,\"valueName\":\"search_term_string\"}}],\"inLanguage\":\"it-IT\"},{\"@type\":\"Organization\",\"@id\":\"https:\\\/\\\/vitavera-therapy.com\\\/it\\\/#organization\",\"name\":\"VITAVERA\",\"url\":\"https:\\\/\\\/vitavera-therapy.com\\\/it\\\/\",\"logo\":{\"@type\":\"ImageObject\",\"inLanguage\":\"it-IT\",\"@id\":\"https:\\\/\\\/vitavera-therapy.com\\\/it\\\/#\\\/schema\\\/logo\\\/image\\\/\",\"url\":\"https:\\\/\\\/vitavera-therapy.com\\\/wp-content\\\/uploads\\\/2022\\\/02\\\/Vitavera_Gradient-LOGO.png\",\"contentUrl\":\"https:\\\/\\\/vitavera-therapy.com\\\/wp-content\\\/uploads\\\/2022\\\/02\\\/Vitavera_Gradient-LOGO.png\",\"width\":340,\"height\":340,\"caption\":\"VITAVERA\"},\"image\":{\"@id\":\"https:\\\/\\\/vitavera-therapy.com\\\/it\\\/#\\\/schema\\\/logo\\\/image\\\/\"},\"sameAs\":[\"https:\\\/\\\/www.facebook.com\\\/VitaVeraTherapy\",\"https:\\\/\\\/www.instagram.com\\\/vitavera_therapy\\\/?hl=it\"]}]}<\/script>\n<!-- \/ Yoast SEO plugin. -->","yoast_head_json":{"title":"Psicoterapia dei bambini e degli adolescenti - VITAVERA","description":"I bambini e gli adolescenti solitamente iniziano un percorso di psicoterapia perch\u00e9 le persone a loro vicine...","robots":{"index":"index","follow":"follow","max-snippet":"max-snippet:-1","max-image-preview":"max-image-preview:large","max-video-preview":"max-video-preview:-1"},"canonical":"https:\/\/vitavera-therapy.com\/it\/psicoterapia-dei-bambini-e-degli-adolescenti\/","og_locale":"it_IT","og_type":"article","og_title":"Psicoterapia dei bambini e degli adolescenti - VITAVERA","og_description":"I bambini e gli adolescenti solitamente iniziano un percorso di psicoterapia perch\u00e9 le persone a loro vicine...","og_url":"https:\/\/vitavera-therapy.com\/it\/psicoterapia-dei-bambini-e-degli-adolescenti\/","og_site_name":"VITAVERA","article_publisher":"https:\/\/www.facebook.com\/VitaVeraTherapy","article_modified_time":"2025-12-30T14:45:00+00:00","og_image":[{"width":1808,"height":280,"url":"https:\/\/vitavera-therapy.com\/wp-content\/uploads\/2022\/02\/cropped-Vitavera_Gradient-LOGO_HORIZONTAL.png","type":"image\/png"}],"twitter_card":"summary_large_image","twitter_misc":{"Tempo di lettura stimato":"3 minuti"},"schema":{"@context":"https:\/\/schema.org","@graph":[{"@type":"WebPage","@id":"https:\/\/vitavera-therapy.com\/it\/psicoterapia-dei-bambini-e-degli-adolescenti\/","url":"https:\/\/vitavera-therapy.com\/it\/psicoterapia-dei-bambini-e-degli-adolescenti\/","name":"Psicoterapia dei bambini e degli adolescenti - VITAVERA","isPartOf":{"@id":"https:\/\/vitavera-therapy.com\/it\/#website"},"datePublished":"2024-02-14T11:26:41+00:00","dateModified":"2025-12-30T14:45:00+00:00","description":"I bambini e gli adolescenti solitamente iniziano un percorso di psicoterapia perch\u00e9 le persone a loro vicine...","breadcrumb":{"@id":"https:\/\/vitavera-therapy.com\/it\/psicoterapia-dei-bambini-e-degli-adolescenti\/#breadcrumb"},"inLanguage":"it-IT","potentialAction":[{"@type":"ReadAction","target":["https:\/\/vitavera-therapy.com\/it\/psicoterapia-dei-bambini-e-degli-adolescenti\/"]}]},{"@type":"BreadcrumbList","@id":"https:\/\/vitavera-therapy.com\/it\/psicoterapia-dei-bambini-e-degli-adolescenti\/#breadcrumb","itemListElement":[{"@type":"ListItem","position":1,"name":"Vitavera","item":"https:\/\/vitavera-therapy.com\/it\/"},{"@type":"ListItem","position":2,"name":"Psicoterapia dei bambini e degli adolescenti"}]},{"@type":"WebSite","@id":"https:\/\/vitavera-therapy.com\/it\/#website","url":"https:\/\/vitavera-therapy.com\/it\/","name":"VITAVERA","description":"","publisher":{"@id":"https:\/\/vitavera-therapy.com\/it\/#organization"},"potentialAction":[{"@type":"SearchAction","target":{"@type":"EntryPoint","urlTemplate":"https:\/\/vitavera-therapy.com\/it\/?s={search_term_string}"},"query-input":{"@type":"PropertyValueSpecification","valueRequired":true,"valueName":"search_term_string"}}],"inLanguage":"it-IT"},{"@type":"Organization","@id":"https:\/\/vitavera-therapy.com\/it\/#organization","name":"VITAVERA","url":"https:\/\/vitavera-therapy.com\/it\/","logo":{"@type":"ImageObject","inLanguage":"it-IT","@id":"https:\/\/vitavera-therapy.com\/it\/#\/schema\/logo\/image\/","url":"https:\/\/vitavera-therapy.com\/wp-content\/uploads\/2022\/02\/Vitavera_Gradient-LOGO.png","contentUrl":"https:\/\/vitavera-therapy.com\/wp-content\/uploads\/2022\/02\/Vitavera_Gradient-LOGO.png","width":340,"height":340,"caption":"VITAVERA"},"image":{"@id":"https:\/\/vitavera-therapy.com\/it\/#\/schema\/logo\/image\/"},"sameAs":["https:\/\/www.facebook.com\/VitaVeraTherapy","https:\/\/www.instagram.com\/vitavera_therapy\/?hl=it"]}]}},"_links":{"self":[{"href":"https:\/\/vitavera-therapy.com\/it\/wp-json\/wp\/v2\/pages\/988291","targetHints":{"allow":["GET"]}}],"collection":[{"href":"https:\/\/vitavera-therapy.com\/it\/wp-json\/wp\/v2\/pages"}],"about":[{"href":"https:\/\/vitavera-therapy.com\/it\/wp-json\/wp\/v2\/types\/page"}],"author":[{"embeddable":true,"href":"https:\/\/vitavera-therapy.com\/it\/wp-json\/wp\/v2\/users\/1"}],"replies":[{"embeddable":true,"href":"https:\/\/vitavera-therapy.com\/it\/wp-json\/wp\/v2\/comments?post=988291"}],"version-history":[{"count":4,"href":"https:\/\/vitavera-therapy.com\/it\/wp-json\/wp\/v2\/pages\/988291\/revisions"}],"predecessor-version":[{"id":988438,"href":"https:\/\/vitavera-therapy.com\/it\/wp-json\/wp\/v2\/pages\/988291\/revisions\/988438"}],"wp:attachment":[{"href":"https:\/\/vitavera-therapy.com\/it\/wp-json\/wp\/v2\/media?parent=988291"}],"curies":[{"name":"wp","href":"https:\/\/api.w.org\/{rel}","templated":true}]}}