{"id":988181,"date":"2022-04-15T12:21:59","date_gmt":"2022-04-15T11:21:59","guid":{"rendered":"https:\/\/vitavera-therapy.com\/vitavera-therapy\/"},"modified":"2025-08-11T18:14:44","modified_gmt":"2025-08-11T17:14:44","slug":"vitavera-therapy","status":"publish","type":"page","link":"https:\/\/vitavera-therapy.com\/it\/","title":{"rendered":"Vitavera therapy"},"content":{"rendered":"<div class=\"vgblk-rw-wrapper limit-wrapper\">\n\n\t\t\t\t\t\t\t<img decoding=\"async\" src=\"https:\/\/vitavera-therapy.com\/wp-content\/plugins\/beaver-builder-lite-version\/img\/pixel.png\" alt=\"\" itemprop=\"image\" onerror=\"this.style.display='none'\"  \/>\n<h1>\n\tSu di me\n\t<\/h1>\n\t<p>Sono Nina Grudina, psicoterapeuta ad indirizzo sistemico, insegnante di mindfulness ed esecutrice dei programmi di supporto perinatale rivolti a gestanti e neomamme.<\/p>\n\t\t\t\t\t\t\t<img loading=\"lazy\" decoding=\"async\" src=\"https:\/\/vitavera-therapy.com\/wp-content\/uploads\/2022\/01\/Foto1_.jpg\" alt=\"Nina Grudina Vitavera\" itemprop=\"image\" height=\"800\" width=\"557\" title=\"Nina Grudina Vitavera\" onerror=\"this.style.display='none'\"  sizes=\"auto, \" srcset=\"https:\/\/vitavera-therapy.com\/wp-content\/uploads\/2022\/01\/Foto1_.jpg 557w, https:\/\/vitavera-therapy.com\/wp-content\/uploads\/2022\/01\/Foto1_-209x300.jpg 209w, https:\/\/vitavera-therapy.com\/wp-content\/uploads\/2022\/01\/Foto1_-420x603.jpg 420w, https:\/\/vitavera-therapy.com\/wp-content\/uploads\/2022\/01\/Foto1_-315x452.jpg 315w\" \/>\t\t\t\t\t\t\t\n\t<a href=\"https:\/\/vitavera-therapy.com\/it\/chi-sono\/\" target=\"_self\" role=\"button\">\n\t\t\t\t\tMaggiori informazioni\n\t<\/a>\n<h1>\n\tCosa offro?\n\t<\/h1>\n\t\t\t\t\t\t\t<img loading=\"lazy\" decoding=\"async\" src=\"https:\/\/vitavera-therapy.com\/wp-content\/uploads\/2022\/02\/Psihoterapija_.jpg\" alt=\"Psicoterapia\" itemprop=\"image\" height=\"964\" width=\"1480\" title=\"Psicoterapia\" onerror=\"this.style.display='none'\"  sizes=\"auto, (max-width: 768px) 100vw, 100vw\" srcset=\"https:\/\/vitavera-therapy.com\/wp-content\/uploads\/2022\/02\/Psihoterapija_.jpg 1480w, https:\/\/vitavera-therapy.com\/wp-content\/uploads\/2022\/02\/Psihoterapija_-300x195.jpg 300w, https:\/\/vitavera-therapy.com\/wp-content\/uploads\/2022\/02\/Psihoterapija_-1024x667.jpg 1024w, https:\/\/vitavera-therapy.com\/wp-content\/uploads\/2022\/02\/Psihoterapija_-1260x821.jpg 1260w, https:\/\/vitavera-therapy.com\/wp-content\/uploads\/2022\/02\/Psihoterapija_-630x410.jpg 630w, https:\/\/vitavera-therapy.com\/wp-content\/uploads\/2022\/02\/Psihoterapija_-420x274.jpg 420w, https:\/\/vitavera-therapy.com\/wp-content\/uploads\/2022\/02\/Psihoterapija_-840x547.jpg 840w, https:\/\/vitavera-therapy.com\/wp-content\/uploads\/2022\/02\/Psihoterapija_-315x205.jpg 315w\" \/>\t\t\t\t\t\t\t\n<h2>\n\tPsicoterapia\n\t<\/h2>\n\t<p>La psicoterapia \u00e8 rivolta alle persone che in un momento particolare della vita si trovano in difficolt\u00e0, ma anche a tutti coloro che vogliono migliorare la qualit\u00e0 della vita e delle relazioni.<\/p>\n\t<a href=\"https:\/\/vitavera-therapy.com\/it\/psicoterapia\/\" target=\"_self\" role=\"button\">\n\t\t\t\t\tScopri di pi\u00f9\n\t<\/a>\n\t\t\t\t\t\t\t<img loading=\"lazy\" decoding=\"async\" src=\"https:\/\/vitavera-therapy.com\/wp-content\/uploads\/2022\/02\/Foto3alt_.jpg\" alt=\"MINDFULNESS\" itemprop=\"image\" height=\"800\" width=\"1200\" onerror=\"this.style.display='none'\"  sizes=\"auto, (max-width: 768px) 100vw, 100vw\" srcset=\"https:\/\/vitavera-therapy.com\/wp-content\/uploads\/2022\/02\/Foto3alt_.jpg 1200w, https:\/\/vitavera-therapy.com\/wp-content\/uploads\/2022\/02\/Foto3alt_-300x200.jpg 300w, https:\/\/vitavera-therapy.com\/wp-content\/uploads\/2022\/02\/Foto3alt_-1024x683.jpg 1024w, https:\/\/vitavera-therapy.com\/wp-content\/uploads\/2022\/02\/Foto3alt_-630x420.jpg 630w, https:\/\/vitavera-therapy.com\/wp-content\/uploads\/2022\/02\/Foto3alt_-420x280.jpg 420w, https:\/\/vitavera-therapy.com\/wp-content\/uploads\/2022\/02\/Foto3alt_-840x560.jpg 840w, https:\/\/vitavera-therapy.com\/wp-content\/uploads\/2022\/02\/Foto3alt_-315x210.jpg 315w\" \/>\t\t\t\t\t\t\t\n<h2>\n\tMindfulness\n\t<\/h2>\n\t<p>Mindfulness \u00e8 un termine inglese che significa vivere con consapevolezza e accettazione. Si tratta di una capacit\u00e0 che abbiamo tutti, ma che spesso dimentichiamo, anche a causa dell&#8217;educazione, della societ\u00e0 e dei ritmi quotidiani che spesso ci portano a perdere il contatto con s\u00e9 stessi.<\/p>\n\t<a href=\"https:\/\/vitavera-therapy.com\/it\/mindfulness\/\" target=\"_self\" role=\"button\">\n\t\t\t\t\tScopri di pi\u00f9\n\t<\/a>\n\t\t\t\t\t\t\t<img loading=\"lazy\" decoding=\"async\" src=\"https:\/\/vitavera-therapy.com\/wp-content\/uploads\/2022\/02\/Perinatalna-podpora.jpg\" alt=\"Supporto perinatale\" itemprop=\"image\" height=\"964\" width=\"1480\" title=\"Supporto perinatale\" onerror=\"this.style.display='none'\"  sizes=\"auto, (max-width: 768px) 100vw, 100vw\" srcset=\"https:\/\/vitavera-therapy.com\/wp-content\/uploads\/2022\/02\/Perinatalna-podpora.jpg 1480w, https:\/\/vitavera-therapy.com\/wp-content\/uploads\/2022\/02\/Perinatalna-podpora-300x195.jpg 300w, https:\/\/vitavera-therapy.com\/wp-content\/uploads\/2022\/02\/Perinatalna-podpora-1024x667.jpg 1024w, https:\/\/vitavera-therapy.com\/wp-content\/uploads\/2022\/02\/Perinatalna-podpora-1260x821.jpg 1260w, https:\/\/vitavera-therapy.com\/wp-content\/uploads\/2022\/02\/Perinatalna-podpora-630x410.jpg 630w, https:\/\/vitavera-therapy.com\/wp-content\/uploads\/2022\/02\/Perinatalna-podpora-420x274.jpg 420w, https:\/\/vitavera-therapy.com\/wp-content\/uploads\/2022\/02\/Perinatalna-podpora-840x547.jpg 840w, https:\/\/vitavera-therapy.com\/wp-content\/uploads\/2022\/02\/Perinatalna-podpora-315x205.jpg 315w\" \/>\t\t\t\t\t\t\t\n<h2>\n\tSupporto perinatale\n\t<\/h2>\n\t<p>Il periodo perinatale comprende la gravidanza e il primo anno dopo il parto. Si tratta di un periodo in cui le donne sono particolarmente vulnerabili e pi\u00f9 soggette a problemi nella sfera psico-emotiva.<\/p>\n\t<a href=\"https:\/\/vitavera-therapy.com\/it\/supporto-perinatale\/\" target=\"_self\" role=\"button\">\n\t\t\t\t\tScopri di pi\u00f9\n\t<\/a>\n\t\t\t\t\t\t\t<img loading=\"lazy\" decoding=\"async\" src=\"https:\/\/vitavera-therapy.com\/wp-content\/uploads\/2025\/08\/LP_9791_-1-777x1024.jpg\" alt=\"Nina Grudina\" itemprop=\"image\" height=\"1024\" width=\"777\" onerror=\"this.style.display='none'\"  sizes=\"auto, (max-width: 768px) 100vw, 100vw\" srcset=\"https:\/\/vitavera-therapy.com\/wp-content\/uploads\/2025\/08\/LP_9791_-1-777x1024.jpg 777w, https:\/\/vitavera-therapy.com\/wp-content\/uploads\/2025\/08\/LP_9791_-1-228x300.jpg 228w, https:\/\/vitavera-therapy.com\/wp-content\/uploads\/2025\/08\/LP_9791_-1-630x830.jpg 630w, https:\/\/vitavera-therapy.com\/wp-content\/uploads\/2025\/08\/LP_9791_-1-420x553.jpg 420w, https:\/\/vitavera-therapy.com\/wp-content\/uploads\/2025\/08\/LP_9791_-1-315x415.jpg 315w, https:\/\/vitavera-therapy.com\/wp-content\/uploads\/2025\/08\/LP_9791_-1.jpg 800w\" \/>\t\t\t\t\t\t\t\n<h2>\n\t\t\tLa mia visione\t<\/h2>\n\t<p>Vita vera significa una vita autentica, vissuta in pienezza. Vuol dire sincerit\u00e0 nelle relazioni interpersonali, libera espressione dei propri pensieri ed emozioni e contatto con s\u00e9 stessi. Vuol dire nutrire l&#8217;amore per noi stessi e la forza che ci consente di vivere nel modo che riteniamo pi\u00f9 giusto, indipendentemente dalle pressioni e dai giudizi altrui. Ed \u00e8 proprio questo che auguro a ogni persona con la quale percorro un piccolo pezzo di cammino. Credo che in ognuno di noi ci sia un grande potenziale per il cambiamento, che per\u00f2 si concretizza solo se siamo sufficientemente motivati e abbiamo il coraggio di fare qualche passo al di fuori della nostra comfort zone. La psicoterapia \u00e8 un ottimo strumento per cominciare ad esplorare e mettere in pratica questa &#8220;vita vera&#8221;.<\/p>\n<p><strong>Qual \u00e8 la mia vocazione?<\/strong><\/p>\n<p>Accompagnare le persone su un piccolo tratto del loro cammino &#8211; quando le salite diventano troppo ardue e le cadute troppo dolorose&#8230; quando ci si perde e non si sa pi\u00f9 che strada intraprendere&#8230; quando si comincia a vagare per inerzia e non si riesce pi\u00f9 a cogliere la bellezza del paesaggio circostante&#8230; quando ci si ritrova davanti a nuove sfide e affiora la paura di non essere all&#8217;altezza&#8230;<\/p>\n<h3>\n\tInvia messaggio\n\t<\/h3>\n\t<p>Mandami un messaggio per fissare un appuntamento<\/p>\n\tAvviso: JavaScript \u00e8 obbligatorio per questo contenuto.\n        <!-- That data is being printed as a workaround to page builders reordering the order of the scripts loaded-->\n        <h3>\n\tContatto\n\t<\/h3>\n<h5>\n\tCellulare &amp; e-mail\n\t<\/h5>\n\t<a href=\"tel:+386 71300310\" target=\"_blank\" rel=\"noopener\">+386 71300310<\/a><br \/>\n<a href=\"mailto:info@vitavera-therapy.com\">info@vitavera-therapy.com<\/a>\n<h5>\n\tDove ci troviamoOrario di apertura\n\t<\/h5>\n\t<p>Su appuntamento.<\/p>\n<h5>\n\tDove ci troviamo\n\t<\/h5>\n\t<p>Cesta Prekomorskih brigad 20, 5290 \u0160empeter pri Gorici<\/p>\n\t\t<iframe src=\"https:\/\/maps.google.com\/maps?q=Prekomorskih+brigad+20%2C+5290+%C5%A0empeter+pri+Gorici&#038;iwloc=near&#038;output=embed\" height=\"406\" frameborder=\"0\" loading=\"lazy\"><\/iframe>\n\n<\/div><!-- .vgblk-rw-wrapper -->","protected":false},"excerpt":{"rendered":"<p>Su di me Sono Nina Grudina, psicoterapeuta ad indirizzo sistemico, insegnante di mindfulness ed esecutrice dei programmi di supporto perinatale rivolti a gestanti e neomamme. Maggiori informazioni Cosa offro? Psicoterapia La psicoterapia \u00e8 rivolta alle persone che in un momento particolare della vita si trovano in difficolt\u00e0, ma anche a tutti coloro che vogliono migliorare&#8230;<\/p>\n","protected":false},"author":1,"featured_media":0,"parent":0,"menu_order":0,"comment_status":"closed","ping_status":"closed","template":"","meta":{"inline_featured_image":false,"_monsterinsights_skip_tracking":false,"_monsterinsights_sitenote_active":false,"_monsterinsights_sitenote_note":"","_monsterinsights_sitenote_category":0,"footnotes":""},"class_list":["post-988181","page","type-page","status-publish","hentry"],"yoast_head":"<!-- This site is optimized with the Yoast SEO plugin v27.4 - https:\/\/yoast.com\/product\/yoast-seo-wordpress\/ -->\n<title>Vitavera therapy - VITAVERA<\/title>\n<meta name=\"description\" content=\"Benvenuto\/a sulla mia pagina web! Sono Nina Grudina, specialista in psicoterapia sistemica, insegnante di mindfulness e leader...\" \/>\n<meta name=\"robots\" content=\"index, follow, max-snippet:-1, max-image-preview:large, max-video-preview:-1\" \/>\n<link rel=\"canonical\" href=\"https:\/\/vitavera-therapy.com\/it\/\" \/>\n<meta property=\"og:locale\" content=\"it_IT\" \/>\n<meta property=\"og:type\" content=\"article\" \/>\n<meta property=\"og:title\" content=\"Vitavera therapy - VITAVERA\" \/>\n<meta property=\"og:description\" content=\"Benvenuto\/a sulla mia pagina web! Sono Nina Grudina, specialista in psicoterapia sistemica, insegnante di mindfulness e leader...\" \/>\n<meta property=\"og:url\" content=\"https:\/\/vitavera-therapy.com\/it\/\" \/>\n<meta property=\"og:site_name\" content=\"VITAVERA\" \/>\n<meta property=\"article:publisher\" content=\"https:\/\/www.facebook.com\/VitaVeraTherapy\" \/>\n<meta property=\"article:modified_time\" content=\"2025-08-11T17:14:44+00:00\" \/>\n<meta property=\"og:image\" content=\"https:\/\/vitavera-therapy.com\/wp-content\/plugins\/beaver-builder-lite-version\/img\/pixel.png\" \/>\n<meta name=\"twitter:card\" content=\"summary_large_image\" \/>\n<meta name=\"twitter:label1\" content=\"Tempo di lettura stimato\" \/>\n\t<meta name=\"twitter:data1\" content=\"3 minuti\" \/>\n<script type=\"application\/ld+json\" class=\"yoast-schema-graph\">{\"@context\":\"https:\\\/\\\/schema.org\",\"@graph\":[{\"@type\":\"WebPage\",\"@id\":\"https:\\\/\\\/vitavera-therapy.com\\\/it\\\/\",\"url\":\"https:\\\/\\\/vitavera-therapy.com\\\/it\\\/\",\"name\":\"Vitavera therapy - VITAVERA\",\"isPartOf\":{\"@id\":\"https:\\\/\\\/vitavera-therapy.com\\\/it\\\/#website\"},\"primaryImageOfPage\":{\"@id\":\"https:\\\/\\\/vitavera-therapy.com\\\/it\\\/#primaryimage\"},\"image\":{\"@id\":\"https:\\\/\\\/vitavera-therapy.com\\\/it\\\/#primaryimage\"},\"thumbnailUrl\":\"https:\\\/\\\/vitavera-therapy.com\\\/wp-content\\\/plugins\\\/beaver-builder-lite-version\\\/img\\\/pixel.png\",\"datePublished\":\"2022-04-15T11:21:59+00:00\",\"dateModified\":\"2025-08-11T17:14:44+00:00\",\"description\":\"Benvenuto\\\/a sulla mia pagina web! Sono Nina Grudina, specialista in psicoterapia sistemica, insegnante di mindfulness e leader...\",\"breadcrumb\":{\"@id\":\"https:\\\/\\\/vitavera-therapy.com\\\/it\\\/#breadcrumb\"},\"inLanguage\":\"it-IT\",\"potentialAction\":[{\"@type\":\"ReadAction\",\"target\":[\"https:\\\/\\\/vitavera-therapy.com\\\/it\\\/\"]}]},{\"@type\":\"ImageObject\",\"inLanguage\":\"it-IT\",\"@id\":\"https:\\\/\\\/vitavera-therapy.com\\\/it\\\/#primaryimage\",\"url\":\"https:\\\/\\\/vitavera-therapy.com\\\/wp-content\\\/plugins\\\/beaver-builder-lite-version\\\/img\\\/pixel.png\",\"contentUrl\":\"https:\\\/\\\/vitavera-therapy.com\\\/wp-content\\\/plugins\\\/beaver-builder-lite-version\\\/img\\\/pixel.png\"},{\"@type\":\"BreadcrumbList\",\"@id\":\"https:\\\/\\\/vitavera-therapy.com\\\/it\\\/#breadcrumb\",\"itemListElement\":[{\"@type\":\"ListItem\",\"position\":1,\"name\":\"Vitavera\",\"item\":\"https:\\\/\\\/vitavera-therapy.com\\\/it\\\/\"},{\"@type\":\"ListItem\",\"position\":2,\"name\":\"Vitavera therapy\"}]},{\"@type\":\"WebSite\",\"@id\":\"https:\\\/\\\/vitavera-therapy.com\\\/it\\\/#website\",\"url\":\"https:\\\/\\\/vitavera-therapy.com\\\/it\\\/\",\"name\":\"VITAVERA\",\"description\":\"\",\"publisher\":{\"@id\":\"https:\\\/\\\/vitavera-therapy.com\\\/it\\\/#organization\"},\"potentialAction\":[{\"@type\":\"SearchAction\",\"target\":{\"@type\":\"EntryPoint\",\"urlTemplate\":\"https:\\\/\\\/vitavera-therapy.com\\\/it\\\/?s={search_term_string}\"},\"query-input\":{\"@type\":\"PropertyValueSpecification\",\"valueRequired\":true,\"valueName\":\"search_term_string\"}}],\"inLanguage\":\"it-IT\"},{\"@type\":\"Organization\",\"@id\":\"https:\\\/\\\/vitavera-therapy.com\\\/it\\\/#organization\",\"name\":\"VITAVERA\",\"url\":\"https:\\\/\\\/vitavera-therapy.com\\\/it\\\/\",\"logo\":{\"@type\":\"ImageObject\",\"inLanguage\":\"it-IT\",\"@id\":\"https:\\\/\\\/vitavera-therapy.com\\\/it\\\/#\\\/schema\\\/logo\\\/image\\\/\",\"url\":\"https:\\\/\\\/vitavera-therapy.com\\\/wp-content\\\/uploads\\\/2022\\\/02\\\/Vitavera_Gradient-LOGO.png\",\"contentUrl\":\"https:\\\/\\\/vitavera-therapy.com\\\/wp-content\\\/uploads\\\/2022\\\/02\\\/Vitavera_Gradient-LOGO.png\",\"width\":340,\"height\":340,\"caption\":\"VITAVERA\"},\"image\":{\"@id\":\"https:\\\/\\\/vitavera-therapy.com\\\/it\\\/#\\\/schema\\\/logo\\\/image\\\/\"},\"sameAs\":[\"https:\\\/\\\/www.facebook.com\\\/VitaVeraTherapy\",\"https:\\\/\\\/www.instagram.com\\\/vitavera_therapy\\\/?hl=it\"]}]}<\/script>\n<!-- \/ Yoast SEO plugin. -->","yoast_head_json":{"title":"Vitavera therapy - VITAVERA","description":"Benvenuto\/a sulla mia pagina web! Sono Nina Grudina, specialista in psicoterapia sistemica, insegnante di mindfulness e leader...","robots":{"index":"index","follow":"follow","max-snippet":"max-snippet:-1","max-image-preview":"max-image-preview:large","max-video-preview":"max-video-preview:-1"},"canonical":"https:\/\/vitavera-therapy.com\/it\/","og_locale":"it_IT","og_type":"article","og_title":"Vitavera therapy - VITAVERA","og_description":"Benvenuto\/a sulla mia pagina web! Sono Nina Grudina, specialista in psicoterapia sistemica, insegnante di mindfulness e leader...","og_url":"https:\/\/vitavera-therapy.com\/it\/","og_site_name":"VITAVERA","article_publisher":"https:\/\/www.facebook.com\/VitaVeraTherapy","article_modified_time":"2025-08-11T17:14:44+00:00","og_image":[{"url":"https:\/\/vitavera-therapy.com\/wp-content\/plugins\/beaver-builder-lite-version\/img\/pixel.png","type":"","width":"","height":""}],"twitter_card":"summary_large_image","twitter_misc":{"Tempo di lettura stimato":"3 minuti"},"schema":{"@context":"https:\/\/schema.org","@graph":[{"@type":"WebPage","@id":"https:\/\/vitavera-therapy.com\/it\/","url":"https:\/\/vitavera-therapy.com\/it\/","name":"Vitavera therapy - VITAVERA","isPartOf":{"@id":"https:\/\/vitavera-therapy.com\/it\/#website"},"primaryImageOfPage":{"@id":"https:\/\/vitavera-therapy.com\/it\/#primaryimage"},"image":{"@id":"https:\/\/vitavera-therapy.com\/it\/#primaryimage"},"thumbnailUrl":"https:\/\/vitavera-therapy.com\/wp-content\/plugins\/beaver-builder-lite-version\/img\/pixel.png","datePublished":"2022-04-15T11:21:59+00:00","dateModified":"2025-08-11T17:14:44+00:00","description":"Benvenuto\/a sulla mia pagina web! Sono Nina Grudina, specialista in psicoterapia sistemica, insegnante di mindfulness e leader...","breadcrumb":{"@id":"https:\/\/vitavera-therapy.com\/it\/#breadcrumb"},"inLanguage":"it-IT","potentialAction":[{"@type":"ReadAction","target":["https:\/\/vitavera-therapy.com\/it\/"]}]},{"@type":"ImageObject","inLanguage":"it-IT","@id":"https:\/\/vitavera-therapy.com\/it\/#primaryimage","url":"https:\/\/vitavera-therapy.com\/wp-content\/plugins\/beaver-builder-lite-version\/img\/pixel.png","contentUrl":"https:\/\/vitavera-therapy.com\/wp-content\/plugins\/beaver-builder-lite-version\/img\/pixel.png"},{"@type":"BreadcrumbList","@id":"https:\/\/vitavera-therapy.com\/it\/#breadcrumb","itemListElement":[{"@type":"ListItem","position":1,"name":"Vitavera","item":"https:\/\/vitavera-therapy.com\/it\/"},{"@type":"ListItem","position":2,"name":"Vitavera therapy"}]},{"@type":"WebSite","@id":"https:\/\/vitavera-therapy.com\/it\/#website","url":"https:\/\/vitavera-therapy.com\/it\/","name":"VITAVERA","description":"","publisher":{"@id":"https:\/\/vitavera-therapy.com\/it\/#organization"},"potentialAction":[{"@type":"SearchAction","target":{"@type":"EntryPoint","urlTemplate":"https:\/\/vitavera-therapy.com\/it\/?s={search_term_string}"},"query-input":{"@type":"PropertyValueSpecification","valueRequired":true,"valueName":"search_term_string"}}],"inLanguage":"it-IT"},{"@type":"Organization","@id":"https:\/\/vitavera-therapy.com\/it\/#organization","name":"VITAVERA","url":"https:\/\/vitavera-therapy.com\/it\/","logo":{"@type":"ImageObject","inLanguage":"it-IT","@id":"https:\/\/vitavera-therapy.com\/it\/#\/schema\/logo\/image\/","url":"https:\/\/vitavera-therapy.com\/wp-content\/uploads\/2022\/02\/Vitavera_Gradient-LOGO.png","contentUrl":"https:\/\/vitavera-therapy.com\/wp-content\/uploads\/2022\/02\/Vitavera_Gradient-LOGO.png","width":340,"height":340,"caption":"VITAVERA"},"image":{"@id":"https:\/\/vitavera-therapy.com\/it\/#\/schema\/logo\/image\/"},"sameAs":["https:\/\/www.facebook.com\/VitaVeraTherapy","https:\/\/www.instagram.com\/vitavera_therapy\/?hl=it"]}]}},"_links":{"self":[{"href":"https:\/\/vitavera-therapy.com\/it\/wp-json\/wp\/v2\/pages\/988181","targetHints":{"allow":["GET"]}}],"collection":[{"href":"https:\/\/vitavera-therapy.com\/it\/wp-json\/wp\/v2\/pages"}],"about":[{"href":"https:\/\/vitavera-therapy.com\/it\/wp-json\/wp\/v2\/types\/page"}],"author":[{"embeddable":true,"href":"https:\/\/vitavera-therapy.com\/it\/wp-json\/wp\/v2\/users\/1"}],"replies":[{"embeddable":true,"href":"https:\/\/vitavera-therapy.com\/it\/wp-json\/wp\/v2\/comments?post=988181"}],"version-history":[{"count":21,"href":"https:\/\/vitavera-therapy.com\/it\/wp-json\/wp\/v2\/pages\/988181\/revisions"}],"predecessor-version":[{"id":988421,"href":"https:\/\/vitavera-therapy.com\/it\/wp-json\/wp\/v2\/pages\/988181\/revisions\/988421"}],"wp:attachment":[{"href":"https:\/\/vitavera-therapy.com\/it\/wp-json\/wp\/v2\/media?parent=988181"}],"curies":[{"name":"wp","href":"https:\/\/api.w.org\/{rel}","templated":true}]}}