{"id":988145,"date":"2022-04-14T14:19:50","date_gmt":"2022-04-14T13:19:50","guid":{"rendered":"https:\/\/vitavera-therapy.com\/supporto-perinatale\/"},"modified":"2025-08-20T18:20:16","modified_gmt":"2025-08-20T17:20:16","slug":"supporto-perinatale","status":"publish","type":"page","link":"https:\/\/vitavera-therapy.com\/it\/supporto-perinatale\/","title":{"rendered":"Supporto perinatale"},"content":{"rendered":"<div class=\"vgblk-rw-wrapper limit-wrapper\">\r\n\r\n\t<h2>Supporto perinatale<\/h2>\r\n<p>Il periodo perinatale comprende la gravidanza e il primo anno dopo il parto. Si tratta di un periodo in cui le donne sono particolarmente vulnerabili e pi\u00f9 soggette a problemi nella sfera psico-emotiva. I disturbi pi\u00f9 frequenti sono la depressione (1 donna su 7) e i disturbi dell&#8217;ansia (1 donna su 5), ma non si tratta degli unici problemi che si possono presentare nella fase perinatale. Inoltre i cambiamenti e le sfide che si affrontano con l&#8217;arrivo di un bambino possono influire in modo simile anche sugli uomini. La gravidanza, il parto e il diventare genitori portano con s\u00e9 una grande mole di cambiamenti, stress e preoccupazioni &#8211; anche nei casi in cui apparentemente tutto fila liscio. Nonostante si tratti di un periodo meraviglioso ed emozionante, tutte queste novit\u00e0 possono far affiorare anche tristezza, ansia, paura, sensi di colpa, inadeguatezza, incertezza e confusione. In caso di infertilit\u00e0, problemi gestazionali, aborto, perdita perinatale, parto traumatico e altre situazioni difficili, le emozioni affrontate possono diventare cos\u00ec travolgenti e complesse da richiedere un aiuto immediato.<\/p>\r\n<p>L&#8217;obiettivo del supporto perinatale \u00e8 l&#8217;accompagnamento e la valorizzazione della donna (e della coppia) durante il percorso verso la genitorialit\u00e0. Il trattamento perinatale comprende elementi di psicoterapia, orientamento e supporto emotivo forniti alle donne o alle coppie che si trovano ad affrontare le sfide della gravidanza e della genitorialit\u00e0, i disturbi dell&#8217;ansia e dell&#8217;umore legati al periodo perinatale, l&#8217;infertilit\u00e0 o il lutto in seguito ad un aborto. Le persone che richiedono supporto perinatale spesso riportano di vivere in modo ricorrente le seguenti situazioni:<\/p>\r\n<ul>\r\n<li>ansia, pressione nella cassa toracica, attacchi di panico<\/li>\r\n<li>sensazione di inadeguatezza e convinzione di non essere dei buoni genitori<\/li>\r\n<li>vergogna, sensi di colpa, rimpianto<\/li>\r\n<li>perdita di interesse, piacere e allegria<\/li>\r\n<li>desiderio di scappare<\/li>\r\n<li>rabbia, irritabilit\u00e0, tristezza o disperazione<\/li>\r\n<li>pensieri e fantasie inquietanti legati al neonato<\/li>\r\n<li>paura di restare da soli con il neonato<\/li>\r\n<li>incapacit\u00e0 di calmare i propri pensieri e difficolt\u00e0 a concentrarsi, insonnia, esaurimento<\/li>\r\n<\/ul>\r\n<p>&nbsp;<\/p>\r\n<h2>Cosa puoi aspettarti dal percorso di supporto perinatale?<\/h2>\r\n<p>Il programma di supporto perinatale offre un luogo sicuro, accogliente e privo di giudizi, nel quale le donne possono esprimere il proprio vissuto, le emozioni, i dubbi e le paure che accompagnano la maternit\u00e0. Specifi\u010dno znanje o perinatalnem du\u0161evnem zdravju mi omogo\u010da nudenje \u010dimbolj celostne podpore pri edinstvenih izzivih, ki se porajajo pred in med nose\u010dnostjo ter po porodu. Le conoscenze specifiche sulla salute mentale nella fase perinatale mi permettono di fornire un valido supporto nelle particolari sfide che si presentano prima e durante la gravidanza e nel periodo post parto. Insieme alla donna o alla coppia creiamo un percorso che comprende degli incontri prima e dopo la nascita del bambino. Il programma \u00e8 dedicato anche alle coppie che pianificano una gravidanza.<\/p>\r\n<p>L&#8217;obiettivo di questo programma non \u00e8 quello di imitare i classici corsi pre-parto, bens\u00ec di esplorare ed elaborare varie tematiche legate all&#8217;arrivo di un figlio, come possono essere ad esempio delle paure specifiche, i cambiamenti nel rapporto di coppia e le sfide del nuovo ruolo di genitori. Un&#8217;attenzione particolare viene rivolta alle esperienze del passato che potrebbero impattare negativamente non solo sulla gravidanza e il parto, ma anche sul rapporto con il bambino in generale. Molte persone sono segnate da esperienze e modelli educativi della famiglia d&#8217;origine che vorrebbero migliorare e implementare lavorando su di s\u00e9 e acquisendo nuove conoscenze. In questo processo ricerchiamo e valorizziamo ci\u00f2 che \u00e8 valido e utile, mentre cerchiamo di cambiare, correggere e risanare tutto ci\u00f2 che i neogenitori non vogliono trasmettere al bambino. Gli incontri pre-parto sono dedicati ad un percorso di preparazione emotiva e psicologica all&#8217;arrivo del nuovo membro, gli incontri post-parto invece al supporto di un adeguato attaccamento emotivo con il neonato, alla risoluzione di eventuali difficolt\u00e0 e alla stabilizzazione della mamma nel suo nuovo ruolo.<\/p>\r\n<p>&nbsp;<\/p>\r\n<h2>Informazioni tecniche<\/h2>\r\n<p>Gli incontri di supporto perinatale vengono svolti sotto forma di percorso continuativo in base ai bisogni della mamma o della coppia. Idealmente viene coinvolto anche il partner. Alcune volte all&#8217;anno organizzo anche corsi pre-parto e incontri per le neomamme &#8211; per maggiori informazioni seguire <u><a href=\"https:\/\/www.facebook.com\/VitaVeraTherapy\" target=\"_blank\" rel=\"noopener\">la pagina Facebook.<\/a><\/u><\/p>\r\n\r\n<\/div><!-- .vgblk-rw-wrapper -->","protected":false},"excerpt":{"rendered":"<p>Supporto perinatale Il periodo perinatale comprende la gravidanza e il primo anno dopo il parto. Si tratta di un periodo in cui le donne sono particolarmente vulnerabili e pi\u00f9 soggette a problemi nella sfera psico-emotiva. I disturbi pi\u00f9 frequenti sono la depressione (1 donna su 7) e i disturbi dell&#8217;ansia (1 donna su 5), ma&#8230;<\/p>\n","protected":false},"author":1,"featured_media":0,"parent":0,"menu_order":0,"comment_status":"closed","ping_status":"closed","template":"","meta":{"inline_featured_image":false,"_monsterinsights_skip_tracking":false,"_monsterinsights_sitenote_active":false,"_monsterinsights_sitenote_note":"","_monsterinsights_sitenote_category":0,"footnotes":""},"class_list":["post-988145","page","type-page","status-publish","hentry"],"yoast_head":"<!-- This site is optimized with the Yoast SEO plugin v27.4 - https:\/\/yoast.com\/product\/yoast-seo-wordpress\/ -->\n<title>Supporto perinatale - VITAVERA<\/title>\n<meta name=\"description\" content=\"Il periodo perinatale comprende la gravidanza e il primo anno dopo il parto. Si tratta di un periodo in cui le donne sono particolarmente vulnerabili e pi\u00f9 soggette a problemi nella sfera psico-emotiva.\" \/>\n<meta name=\"robots\" content=\"index, follow, max-snippet:-1, max-image-preview:large, max-video-preview:-1\" \/>\n<link rel=\"canonical\" href=\"https:\/\/vitavera-therapy.com\/it\/supporto-perinatale\/\" \/>\n<meta property=\"og:locale\" content=\"it_IT\" \/>\n<meta property=\"og:type\" content=\"article\" \/>\n<meta property=\"og:title\" content=\"Supporto perinatale - VITAVERA\" \/>\n<meta property=\"og:description\" content=\"Il periodo perinatale comprende la gravidanza e il primo anno dopo il parto. Si tratta di un periodo in cui le donne sono particolarmente vulnerabili e pi\u00f9 soggette a problemi nella sfera psico-emotiva.\" \/>\n<meta property=\"og:url\" content=\"https:\/\/vitavera-therapy.com\/it\/supporto-perinatale\/\" \/>\n<meta property=\"og:site_name\" content=\"VITAVERA\" \/>\n<meta property=\"article:publisher\" content=\"https:\/\/www.facebook.com\/VitaVeraTherapy\" \/>\n<meta property=\"article:modified_time\" content=\"2025-08-20T17:20:16+00:00\" \/>\n<meta property=\"og:image\" content=\"https:\/\/vitavera-therapy.com\/wp-content\/uploads\/2022\/02\/cropped-Vitavera_Gradient-LOGO_HORIZONTAL.png\" \/>\n\t<meta property=\"og:image:width\" content=\"1808\" \/>\n\t<meta property=\"og:image:height\" content=\"280\" \/>\n\t<meta property=\"og:image:type\" content=\"image\/png\" \/>\n<meta name=\"twitter:card\" content=\"summary_large_image\" \/>\n<meta name=\"twitter:label1\" content=\"Tempo di lettura stimato\" \/>\n\t<meta name=\"twitter:data1\" content=\"4 minuti\" \/>\n<script type=\"application\/ld+json\" class=\"yoast-schema-graph\">{\"@context\":\"https:\\\/\\\/schema.org\",\"@graph\":[{\"@type\":\"WebPage\",\"@id\":\"https:\\\/\\\/vitavera-therapy.com\\\/it\\\/supporto-perinatale\\\/\",\"url\":\"https:\\\/\\\/vitavera-therapy.com\\\/it\\\/supporto-perinatale\\\/\",\"name\":\"Supporto perinatale - VITAVERA\",\"isPartOf\":{\"@id\":\"https:\\\/\\\/vitavera-therapy.com\\\/it\\\/#website\"},\"datePublished\":\"2022-04-14T13:19:50+00:00\",\"dateModified\":\"2025-08-20T17:20:16+00:00\",\"description\":\"Il periodo perinatale comprende la gravidanza e il primo anno dopo il parto. Si tratta di un periodo in cui le donne sono particolarmente vulnerabili e pi\u00f9 soggette a problemi nella sfera psico-emotiva.\",\"breadcrumb\":{\"@id\":\"https:\\\/\\\/vitavera-therapy.com\\\/it\\\/supporto-perinatale\\\/#breadcrumb\"},\"inLanguage\":\"it-IT\",\"potentialAction\":[{\"@type\":\"ReadAction\",\"target\":[\"https:\\\/\\\/vitavera-therapy.com\\\/it\\\/supporto-perinatale\\\/\"]}]},{\"@type\":\"BreadcrumbList\",\"@id\":\"https:\\\/\\\/vitavera-therapy.com\\\/it\\\/supporto-perinatale\\\/#breadcrumb\",\"itemListElement\":[{\"@type\":\"ListItem\",\"position\":1,\"name\":\"Vitavera\",\"item\":\"https:\\\/\\\/vitavera-therapy.com\\\/it\\\/\"},{\"@type\":\"ListItem\",\"position\":2,\"name\":\"Supporto perinatale\"}]},{\"@type\":\"WebSite\",\"@id\":\"https:\\\/\\\/vitavera-therapy.com\\\/it\\\/#website\",\"url\":\"https:\\\/\\\/vitavera-therapy.com\\\/it\\\/\",\"name\":\"VITAVERA\",\"description\":\"\",\"publisher\":{\"@id\":\"https:\\\/\\\/vitavera-therapy.com\\\/it\\\/#organization\"},\"potentialAction\":[{\"@type\":\"SearchAction\",\"target\":{\"@type\":\"EntryPoint\",\"urlTemplate\":\"https:\\\/\\\/vitavera-therapy.com\\\/it\\\/?s={search_term_string}\"},\"query-input\":{\"@type\":\"PropertyValueSpecification\",\"valueRequired\":true,\"valueName\":\"search_term_string\"}}],\"inLanguage\":\"it-IT\"},{\"@type\":\"Organization\",\"@id\":\"https:\\\/\\\/vitavera-therapy.com\\\/it\\\/#organization\",\"name\":\"VITAVERA\",\"url\":\"https:\\\/\\\/vitavera-therapy.com\\\/it\\\/\",\"logo\":{\"@type\":\"ImageObject\",\"inLanguage\":\"it-IT\",\"@id\":\"https:\\\/\\\/vitavera-therapy.com\\\/it\\\/#\\\/schema\\\/logo\\\/image\\\/\",\"url\":\"https:\\\/\\\/vitavera-therapy.com\\\/wp-content\\\/uploads\\\/2022\\\/02\\\/Vitavera_Gradient-LOGO.png\",\"contentUrl\":\"https:\\\/\\\/vitavera-therapy.com\\\/wp-content\\\/uploads\\\/2022\\\/02\\\/Vitavera_Gradient-LOGO.png\",\"width\":340,\"height\":340,\"caption\":\"VITAVERA\"},\"image\":{\"@id\":\"https:\\\/\\\/vitavera-therapy.com\\\/it\\\/#\\\/schema\\\/logo\\\/image\\\/\"},\"sameAs\":[\"https:\\\/\\\/www.facebook.com\\\/VitaVeraTherapy\",\"https:\\\/\\\/www.instagram.com\\\/vitavera_therapy\\\/?hl=it\"]}]}<\/script>\n<!-- \/ Yoast SEO plugin. -->","yoast_head_json":{"title":"Supporto perinatale - VITAVERA","description":"Il periodo perinatale comprende la gravidanza e il primo anno dopo il parto. Si tratta di un periodo in cui le donne sono particolarmente vulnerabili e pi\u00f9 soggette a problemi nella sfera psico-emotiva.","robots":{"index":"index","follow":"follow","max-snippet":"max-snippet:-1","max-image-preview":"max-image-preview:large","max-video-preview":"max-video-preview:-1"},"canonical":"https:\/\/vitavera-therapy.com\/it\/supporto-perinatale\/","og_locale":"it_IT","og_type":"article","og_title":"Supporto perinatale - VITAVERA","og_description":"Il periodo perinatale comprende la gravidanza e il primo anno dopo il parto. Si tratta di un periodo in cui le donne sono particolarmente vulnerabili e pi\u00f9 soggette a problemi nella sfera psico-emotiva.","og_url":"https:\/\/vitavera-therapy.com\/it\/supporto-perinatale\/","og_site_name":"VITAVERA","article_publisher":"https:\/\/www.facebook.com\/VitaVeraTherapy","article_modified_time":"2025-08-20T17:20:16+00:00","og_image":[{"width":1808,"height":280,"url":"https:\/\/vitavera-therapy.com\/wp-content\/uploads\/2022\/02\/cropped-Vitavera_Gradient-LOGO_HORIZONTAL.png","type":"image\/png"}],"twitter_card":"summary_large_image","twitter_misc":{"Tempo di lettura stimato":"4 minuti"},"schema":{"@context":"https:\/\/schema.org","@graph":[{"@type":"WebPage","@id":"https:\/\/vitavera-therapy.com\/it\/supporto-perinatale\/","url":"https:\/\/vitavera-therapy.com\/it\/supporto-perinatale\/","name":"Supporto perinatale - VITAVERA","isPartOf":{"@id":"https:\/\/vitavera-therapy.com\/it\/#website"},"datePublished":"2022-04-14T13:19:50+00:00","dateModified":"2025-08-20T17:20:16+00:00","description":"Il periodo perinatale comprende la gravidanza e il primo anno dopo il parto. Si tratta di un periodo in cui le donne sono particolarmente vulnerabili e pi\u00f9 soggette a problemi nella sfera psico-emotiva.","breadcrumb":{"@id":"https:\/\/vitavera-therapy.com\/it\/supporto-perinatale\/#breadcrumb"},"inLanguage":"it-IT","potentialAction":[{"@type":"ReadAction","target":["https:\/\/vitavera-therapy.com\/it\/supporto-perinatale\/"]}]},{"@type":"BreadcrumbList","@id":"https:\/\/vitavera-therapy.com\/it\/supporto-perinatale\/#breadcrumb","itemListElement":[{"@type":"ListItem","position":1,"name":"Vitavera","item":"https:\/\/vitavera-therapy.com\/it\/"},{"@type":"ListItem","position":2,"name":"Supporto perinatale"}]},{"@type":"WebSite","@id":"https:\/\/vitavera-therapy.com\/it\/#website","url":"https:\/\/vitavera-therapy.com\/it\/","name":"VITAVERA","description":"","publisher":{"@id":"https:\/\/vitavera-therapy.com\/it\/#organization"},"potentialAction":[{"@type":"SearchAction","target":{"@type":"EntryPoint","urlTemplate":"https:\/\/vitavera-therapy.com\/it\/?s={search_term_string}"},"query-input":{"@type":"PropertyValueSpecification","valueRequired":true,"valueName":"search_term_string"}}],"inLanguage":"it-IT"},{"@type":"Organization","@id":"https:\/\/vitavera-therapy.com\/it\/#organization","name":"VITAVERA","url":"https:\/\/vitavera-therapy.com\/it\/","logo":{"@type":"ImageObject","inLanguage":"it-IT","@id":"https:\/\/vitavera-therapy.com\/it\/#\/schema\/logo\/image\/","url":"https:\/\/vitavera-therapy.com\/wp-content\/uploads\/2022\/02\/Vitavera_Gradient-LOGO.png","contentUrl":"https:\/\/vitavera-therapy.com\/wp-content\/uploads\/2022\/02\/Vitavera_Gradient-LOGO.png","width":340,"height":340,"caption":"VITAVERA"},"image":{"@id":"https:\/\/vitavera-therapy.com\/it\/#\/schema\/logo\/image\/"},"sameAs":["https:\/\/www.facebook.com\/VitaVeraTherapy","https:\/\/www.instagram.com\/vitavera_therapy\/?hl=it"]}]}},"_links":{"self":[{"href":"https:\/\/vitavera-therapy.com\/it\/wp-json\/wp\/v2\/pages\/988145","targetHints":{"allow":["GET"]}}],"collection":[{"href":"https:\/\/vitavera-therapy.com\/it\/wp-json\/wp\/v2\/pages"}],"about":[{"href":"https:\/\/vitavera-therapy.com\/it\/wp-json\/wp\/v2\/types\/page"}],"author":[{"embeddable":true,"href":"https:\/\/vitavera-therapy.com\/it\/wp-json\/wp\/v2\/users\/1"}],"replies":[{"embeddable":true,"href":"https:\/\/vitavera-therapy.com\/it\/wp-json\/wp\/v2\/comments?post=988145"}],"version-history":[{"count":5,"href":"https:\/\/vitavera-therapy.com\/it\/wp-json\/wp\/v2\/pages\/988145\/revisions"}],"predecessor-version":[{"id":988433,"href":"https:\/\/vitavera-therapy.com\/it\/wp-json\/wp\/v2\/pages\/988145\/revisions\/988433"}],"wp:attachment":[{"href":"https:\/\/vitavera-therapy.com\/it\/wp-json\/wp\/v2\/media?parent=988145"}],"curies":[{"name":"wp","href":"https:\/\/api.w.org\/{rel}","templated":true}]}}