{"id":988144,"date":"2022-04-14T14:10:20","date_gmt":"2022-04-14T13:10:20","guid":{"rendered":"https:\/\/vitavera-therapy.com\/mindfulness\/"},"modified":"2025-08-20T18:21:25","modified_gmt":"2025-08-20T17:21:25","slug":"mindfulness","status":"publish","type":"page","link":"https:\/\/vitavera-therapy.com\/it\/mindfulness\/","title":{"rendered":"Mindfulness"},"content":{"rendered":"<div class=\"vgblk-rw-wrapper limit-wrapper\">\r\n\r\n\t<h2>Mindfulness<\/h2>\r\n<p>Mindfulness \u00e8 un termine inglese che significa vivere con consapevolezza e accettazione. Si tratta di una capacit\u00e0 che abbiamo tutti, ma che spesso dimentichiamo, anche a causa dell&#8217;educazione, della societ\u00e0 e dei ritmi quotidiani che spesso ci portano a perdere il contatto con s\u00e9 stessi. La pratica della mindfulness prevede l&#8217;indirizzamento della nostra attenzione verso l&#8217;esperienza nel qui e ora &#8211; dei nostri pensieri, emozioni e sensazioni corporee. Durante questo processo esplorativo cerchiamo di non cambiare ci\u00f2 che sperimentiamo: impariamo cos\u00ec a non scappare dalle sensazioni spiacevoli e a non trattenere quelle piacevoli. Proprio per questo \u00e8 importante mantenere un approccio di apertura, curiosit\u00e0 e accettazione, che rafforziamo con la pratica della mindfulness.<\/p>\r\n<p>&nbsp;<\/p>\r\n<h2>La pratica della mindfulness<\/h2>\r\n<p>Per lo sviluppo della mindfulness \u00e8 necessario fare pratica. Questa include sia degli esercizi \u00bbformali\u00ab, come ad esempio la meditazione mindfulness, il body scan, la camminata mindfulness, la pratica del respiro, e altri esercizi meno formali che ci aiutano a sviluppare la nostra capacit\u00e0 di presenza e osservazione nelle situazioni della vita quotidiana. Possiamo quindi esercitarci alla consapevolezza di noi stessi e di ci\u00f2 che ci circonda quando guidiamo la macchina oppure quandocamminiamo per la citt\u00e0, mentre mangiamo il pranzo e cos\u00ec via.<\/p>\r\n<p>&nbsp;<\/p>\r\n<h2>Quali sono i benefici della mindfulness?<\/h2>\r\n<p>La pratica mindfulness rafforza la consapevolezza di s\u00e9 stessi, delle nostre sensazioni, dei nostri pensieri, dei nostri bisogni&#8230; Ci insegna a fermarci, respirare, prenderci qualche minuto solo per noi e per la nostra salute mentale. Ci aiuta a capire che non dobbiamo per forza correre senza sosta e senza alcun contatto con noi stessi. Non siamo macchine e a volte possiamo spegnere il nostro pilota automatico e scegliere intenzionalmente un approccio alla vita ricco di presenza, autenticit\u00e0 ed accoglienza. La mindfulness apre un percorso di conoscenza e cambiamento, proprio perch\u00e9 una maggiore autocoscienza permette di ampliare le nostre scelte: come reagire, come passare il nostro tempo, come vivere. La pratica mindfulness rappresenta quindi un&#8217;opportunit\u00e0 preziosa per lo sviluppo personale.<\/p>\r\n<p>Oltre a tutto ci\u00f2 la pratica mindfulness offre altri numerosi benefici:<\/p>\r\n<ul>\r\n<li>Rafforza la sensazione di benessere e pace interiore<\/li>\r\n<li>Riduce l&#8217;ansia e la depressione<\/li>\r\n<li>Rappresenta un ottimo strumento per ridurre lo stress<\/li>\r\n<li>Agisce in maniera preventiva contro il burnout<\/li>\r\n<li>Aiuta a mantenere una buona autostima e una migliore valutazione di s\u00e9<\/li>\r\n<li>Rafforza la capacit\u00e0 di godere nelle piccole cose<\/li>\r\n<li>Migliora la concentrazione<\/li>\r\n<li>Arricchisce i legami con gli altri e la qualit\u00e0 delle relazioni<\/li>\r\n<li>Incrementa la capacit\u00e0 di affrontare le situazioni avverse<\/li>\r\n<li>Influisce in modo positivo sulla salute (riduce i dolori cronici, diminuisce la pressione arteriosa, migliora il sonno e allevia i problemi gastrointestinali).<\/li>\r\n<\/ul>\r\n<p>&nbsp;<\/p>\r\n<h2>Informazioni tecniche<\/h2>\r\n<p>Le sedute di mindfulness vengono svolte sotto forma di incontri individuali o di gruppo, sia dal vivo che online. Alcune volte all&#8217;anno vengono organizzati degli eventi e dei ritiri, possibilmente all&#8217;aperto &#8211; per maggiori informazioni seguire <u><a href=\"https:\/\/www.facebook.com\/VitaVeraTherapy\" target=\"_blank\" rel=\"noopener\">la pagina Facebook.<\/a><\/u><\/p>\r\n<p>Prezzi: seduta individuale 60 euro; sedute di gruppo in base al tipo di evento e dal numero di partecipanti.<\/p>\r\n\r\n<\/div><!-- .vgblk-rw-wrapper -->","protected":false},"excerpt":{"rendered":"<p>Mindfulness Mindfulness \u00e8 un termine inglese che significa vivere con consapevolezza e accettazione. Si tratta di una capacit\u00e0 che abbiamo tutti, ma che spesso dimentichiamo, anche a causa dell&#8217;educazione, della societ\u00e0 e dei ritmi quotidiani che spesso ci portano a perdere il contatto con s\u00e9 stessi. La pratica della mindfulness prevede l&#8217;indirizzamento della nostra attenzione&#8230;<\/p>\n","protected":false},"author":1,"featured_media":0,"parent":0,"menu_order":0,"comment_status":"closed","ping_status":"closed","template":"","meta":{"inline_featured_image":false,"_monsterinsights_skip_tracking":false,"_monsterinsights_sitenote_active":false,"_monsterinsights_sitenote_note":"","_monsterinsights_sitenote_category":0,"footnotes":""},"class_list":["post-988144","page","type-page","status-publish","hentry"],"yoast_head":"<!-- This site is optimized with the Yoast SEO plugin v27.4 - https:\/\/yoast.com\/product\/yoast-seo-wordpress\/ -->\n<title>Mindfulness - VITAVERA<\/title>\n<meta name=\"description\" content=\"La pratica mindfulness rafforza la consapevolezza di s\u00e9 stessi, delle nostre sensazioni, dei nostri pensieri, dei nostri bisogni... Ci insegna a fermarci, respirare, prenderci qualche...\" \/>\n<meta name=\"robots\" content=\"index, follow, max-snippet:-1, max-image-preview:large, max-video-preview:-1\" \/>\n<link rel=\"canonical\" href=\"https:\/\/vitavera-therapy.com\/it\/mindfulness\/\" \/>\n<meta property=\"og:locale\" content=\"it_IT\" \/>\n<meta property=\"og:type\" content=\"article\" \/>\n<meta property=\"og:title\" content=\"Mindfulness - VITAVERA\" \/>\n<meta property=\"og:description\" content=\"La pratica mindfulness rafforza la consapevolezza di s\u00e9 stessi, delle nostre sensazioni, dei nostri pensieri, dei nostri bisogni... Ci insegna a fermarci, respirare, prenderci qualche...\" \/>\n<meta property=\"og:url\" content=\"https:\/\/vitavera-therapy.com\/it\/mindfulness\/\" \/>\n<meta property=\"og:site_name\" content=\"VITAVERA\" \/>\n<meta property=\"article:publisher\" content=\"https:\/\/www.facebook.com\/VitaVeraTherapy\" \/>\n<meta property=\"article:modified_time\" content=\"2025-08-20T17:21:25+00:00\" \/>\n<meta property=\"og:image\" content=\"https:\/\/vitavera-therapy.com\/wp-content\/uploads\/2022\/02\/cropped-Vitavera_Gradient-LOGO_HORIZONTAL.png\" \/>\n\t<meta property=\"og:image:width\" content=\"1808\" \/>\n\t<meta property=\"og:image:height\" content=\"280\" \/>\n\t<meta property=\"og:image:type\" content=\"image\/png\" \/>\n<meta name=\"twitter:card\" content=\"summary_large_image\" \/>\n<meta name=\"twitter:label1\" content=\"Tempo di lettura stimato\" \/>\n\t<meta name=\"twitter:data1\" content=\"3 minuti\" \/>\n<script type=\"application\/ld+json\" class=\"yoast-schema-graph\">{\"@context\":\"https:\\\/\\\/schema.org\",\"@graph\":[{\"@type\":\"WebPage\",\"@id\":\"https:\\\/\\\/vitavera-therapy.com\\\/it\\\/mindfulness\\\/\",\"url\":\"https:\\\/\\\/vitavera-therapy.com\\\/it\\\/mindfulness\\\/\",\"name\":\"Mindfulness - VITAVERA\",\"isPartOf\":{\"@id\":\"https:\\\/\\\/vitavera-therapy.com\\\/it\\\/#website\"},\"datePublished\":\"2022-04-14T13:10:20+00:00\",\"dateModified\":\"2025-08-20T17:21:25+00:00\",\"description\":\"La pratica mindfulness rafforza la consapevolezza di s\u00e9 stessi, delle nostre sensazioni, dei nostri pensieri, dei nostri bisogni... Ci insegna a fermarci, respirare, prenderci qualche...\",\"breadcrumb\":{\"@id\":\"https:\\\/\\\/vitavera-therapy.com\\\/it\\\/mindfulness\\\/#breadcrumb\"},\"inLanguage\":\"it-IT\",\"potentialAction\":[{\"@type\":\"ReadAction\",\"target\":[\"https:\\\/\\\/vitavera-therapy.com\\\/it\\\/mindfulness\\\/\"]}]},{\"@type\":\"BreadcrumbList\",\"@id\":\"https:\\\/\\\/vitavera-therapy.com\\\/it\\\/mindfulness\\\/#breadcrumb\",\"itemListElement\":[{\"@type\":\"ListItem\",\"position\":1,\"name\":\"Vitavera\",\"item\":\"https:\\\/\\\/vitavera-therapy.com\\\/it\\\/\"},{\"@type\":\"ListItem\",\"position\":2,\"name\":\"Mindfulness\"}]},{\"@type\":\"WebSite\",\"@id\":\"https:\\\/\\\/vitavera-therapy.com\\\/it\\\/#website\",\"url\":\"https:\\\/\\\/vitavera-therapy.com\\\/it\\\/\",\"name\":\"VITAVERA\",\"description\":\"\",\"publisher\":{\"@id\":\"https:\\\/\\\/vitavera-therapy.com\\\/it\\\/#organization\"},\"potentialAction\":[{\"@type\":\"SearchAction\",\"target\":{\"@type\":\"EntryPoint\",\"urlTemplate\":\"https:\\\/\\\/vitavera-therapy.com\\\/it\\\/?s={search_term_string}\"},\"query-input\":{\"@type\":\"PropertyValueSpecification\",\"valueRequired\":true,\"valueName\":\"search_term_string\"}}],\"inLanguage\":\"it-IT\"},{\"@type\":\"Organization\",\"@id\":\"https:\\\/\\\/vitavera-therapy.com\\\/it\\\/#organization\",\"name\":\"VITAVERA\",\"url\":\"https:\\\/\\\/vitavera-therapy.com\\\/it\\\/\",\"logo\":{\"@type\":\"ImageObject\",\"inLanguage\":\"it-IT\",\"@id\":\"https:\\\/\\\/vitavera-therapy.com\\\/it\\\/#\\\/schema\\\/logo\\\/image\\\/\",\"url\":\"https:\\\/\\\/vitavera-therapy.com\\\/wp-content\\\/uploads\\\/2022\\\/02\\\/Vitavera_Gradient-LOGO.png\",\"contentUrl\":\"https:\\\/\\\/vitavera-therapy.com\\\/wp-content\\\/uploads\\\/2022\\\/02\\\/Vitavera_Gradient-LOGO.png\",\"width\":340,\"height\":340,\"caption\":\"VITAVERA\"},\"image\":{\"@id\":\"https:\\\/\\\/vitavera-therapy.com\\\/it\\\/#\\\/schema\\\/logo\\\/image\\\/\"},\"sameAs\":[\"https:\\\/\\\/www.facebook.com\\\/VitaVeraTherapy\",\"https:\\\/\\\/www.instagram.com\\\/vitavera_therapy\\\/?hl=it\"]}]}<\/script>\n<!-- \/ Yoast SEO plugin. -->","yoast_head_json":{"title":"Mindfulness - VITAVERA","description":"La pratica mindfulness rafforza la consapevolezza di s\u00e9 stessi, delle nostre sensazioni, dei nostri pensieri, dei nostri bisogni... Ci insegna a fermarci, respirare, prenderci qualche...","robots":{"index":"index","follow":"follow","max-snippet":"max-snippet:-1","max-image-preview":"max-image-preview:large","max-video-preview":"max-video-preview:-1"},"canonical":"https:\/\/vitavera-therapy.com\/it\/mindfulness\/","og_locale":"it_IT","og_type":"article","og_title":"Mindfulness - VITAVERA","og_description":"La pratica mindfulness rafforza la consapevolezza di s\u00e9 stessi, delle nostre sensazioni, dei nostri pensieri, dei nostri bisogni... Ci insegna a fermarci, respirare, prenderci qualche...","og_url":"https:\/\/vitavera-therapy.com\/it\/mindfulness\/","og_site_name":"VITAVERA","article_publisher":"https:\/\/www.facebook.com\/VitaVeraTherapy","article_modified_time":"2025-08-20T17:21:25+00:00","og_image":[{"width":1808,"height":280,"url":"https:\/\/vitavera-therapy.com\/wp-content\/uploads\/2022\/02\/cropped-Vitavera_Gradient-LOGO_HORIZONTAL.png","type":"image\/png"}],"twitter_card":"summary_large_image","twitter_misc":{"Tempo di lettura stimato":"3 minuti"},"schema":{"@context":"https:\/\/schema.org","@graph":[{"@type":"WebPage","@id":"https:\/\/vitavera-therapy.com\/it\/mindfulness\/","url":"https:\/\/vitavera-therapy.com\/it\/mindfulness\/","name":"Mindfulness - VITAVERA","isPartOf":{"@id":"https:\/\/vitavera-therapy.com\/it\/#website"},"datePublished":"2022-04-14T13:10:20+00:00","dateModified":"2025-08-20T17:21:25+00:00","description":"La pratica mindfulness rafforza la consapevolezza di s\u00e9 stessi, delle nostre sensazioni, dei nostri pensieri, dei nostri bisogni... Ci insegna a fermarci, respirare, prenderci qualche...","breadcrumb":{"@id":"https:\/\/vitavera-therapy.com\/it\/mindfulness\/#breadcrumb"},"inLanguage":"it-IT","potentialAction":[{"@type":"ReadAction","target":["https:\/\/vitavera-therapy.com\/it\/mindfulness\/"]}]},{"@type":"BreadcrumbList","@id":"https:\/\/vitavera-therapy.com\/it\/mindfulness\/#breadcrumb","itemListElement":[{"@type":"ListItem","position":1,"name":"Vitavera","item":"https:\/\/vitavera-therapy.com\/it\/"},{"@type":"ListItem","position":2,"name":"Mindfulness"}]},{"@type":"WebSite","@id":"https:\/\/vitavera-therapy.com\/it\/#website","url":"https:\/\/vitavera-therapy.com\/it\/","name":"VITAVERA","description":"","publisher":{"@id":"https:\/\/vitavera-therapy.com\/it\/#organization"},"potentialAction":[{"@type":"SearchAction","target":{"@type":"EntryPoint","urlTemplate":"https:\/\/vitavera-therapy.com\/it\/?s={search_term_string}"},"query-input":{"@type":"PropertyValueSpecification","valueRequired":true,"valueName":"search_term_string"}}],"inLanguage":"it-IT"},{"@type":"Organization","@id":"https:\/\/vitavera-therapy.com\/it\/#organization","name":"VITAVERA","url":"https:\/\/vitavera-therapy.com\/it\/","logo":{"@type":"ImageObject","inLanguage":"it-IT","@id":"https:\/\/vitavera-therapy.com\/it\/#\/schema\/logo\/image\/","url":"https:\/\/vitavera-therapy.com\/wp-content\/uploads\/2022\/02\/Vitavera_Gradient-LOGO.png","contentUrl":"https:\/\/vitavera-therapy.com\/wp-content\/uploads\/2022\/02\/Vitavera_Gradient-LOGO.png","width":340,"height":340,"caption":"VITAVERA"},"image":{"@id":"https:\/\/vitavera-therapy.com\/it\/#\/schema\/logo\/image\/"},"sameAs":["https:\/\/www.facebook.com\/VitaVeraTherapy","https:\/\/www.instagram.com\/vitavera_therapy\/?hl=it"]}]}},"_links":{"self":[{"href":"https:\/\/vitavera-therapy.com\/it\/wp-json\/wp\/v2\/pages\/988144","targetHints":{"allow":["GET"]}}],"collection":[{"href":"https:\/\/vitavera-therapy.com\/it\/wp-json\/wp\/v2\/pages"}],"about":[{"href":"https:\/\/vitavera-therapy.com\/it\/wp-json\/wp\/v2\/types\/page"}],"author":[{"embeddable":true,"href":"https:\/\/vitavera-therapy.com\/it\/wp-json\/wp\/v2\/users\/1"}],"replies":[{"embeddable":true,"href":"https:\/\/vitavera-therapy.com\/it\/wp-json\/wp\/v2\/comments?post=988144"}],"version-history":[{"count":4,"href":"https:\/\/vitavera-therapy.com\/it\/wp-json\/wp\/v2\/pages\/988144\/revisions"}],"predecessor-version":[{"id":988431,"href":"https:\/\/vitavera-therapy.com\/it\/wp-json\/wp\/v2\/pages\/988144\/revisions\/988431"}],"wp:attachment":[{"href":"https:\/\/vitavera-therapy.com\/it\/wp-json\/wp\/v2\/media?parent=988144"}],"curies":[{"name":"wp","href":"https:\/\/api.w.org\/{rel}","templated":true}]}}