{"id":988140,"date":"2022-04-05T19:33:39","date_gmt":"2022-04-05T18:33:39","guid":{"rendered":"https:\/\/vitavera-therapy.com\/chi-sono\/"},"modified":"2025-08-20T18:24:49","modified_gmt":"2025-08-20T17:24:49","slug":"chi-sono","status":"publish","type":"page","link":"https:\/\/vitavera-therapy.com\/it\/chi-sono\/","title":{"rendered":"Chi sono"},"content":{"rendered":"<div class=\"vgblk-rw-wrapper limit-wrapper\">\n\n\t<h4><strong>Benvenuto\/a sulla mia pagina web!<\/strong><\/h4>\n<p>Molto probabilmente non sei qui per caso, ma perch\u00e9 hai trovato il coraggio di cominciare a cambiare la tua vita.<\/p>\n<h2>\n\tSono Nina Grudina,\n\t<\/h2>\n\t<strong>psicoterapeuta ad indirizzo sistemico.<\/strong><br \/>\nHo conseguito la laurea magistrale e la specializzazione quadriennale presso l&#8217;Universit\u00e0 di psicoterapia Sigmund Freud di Ljubljana. Nel mio studio mi occupo di psicoterapia individuale, di coppia e familiare, trattando sia adulti che bambini e adolescenti. \n\t<p>Sono insegnante <strong>certificata di mindfulness<\/strong>, che offro sia in modalit\u00e0 individuale che attraverso corsi di gruppo. Inoltre mi sono specializzata in supporto perinatale, che comprende il sostegno psicologico durante la gravidanza e nel primo anno dopo il parto. Ho completato il percorso di Postpartum Support International e nel mio lavoro seguo le pi\u00f9 recenti linee guida \u00a0in termini di MMH (Maternal Mental Health).<\/p>\n\t<p>La mia esperienza lavorativa nel campo della psicoterapia \u00e8 iniziata nel 2017 presso l&#8217;ambulatorio universitario SFU Ljubljana, seguita da un tirocinio presso il CSM di Gorizia e culminata con l&#8217;apertura del mio studio privato nel 2021.Prima ancora ho lavorato in ambito scolastico e in diversi istituti educativi.<\/p>\n\t<p>Amo il lavoro dinamico ed eterogeneo, per questo ho scelto l&#8217;indirizzo sistemico relazionale, che \u00e8 adatto a diversi tipi di percorsi: <strong>individuale, di coppia, familiare e di gruppo.<\/strong> Comprende molte tecniche e metodi creativi con i quali \u00e8 possibile stabilire il contatto con diversi tipi di persone. L&#8217;individuo \u00e8 considerato come una parte del sistema a cui appartiene e che su di lui esercita diversi tipi di influenze (sia positive che negative). Nel percorso terapeutico vengono quindi prese in considerazione le relazioni importanti e il contesto in cui vive l&#8217;individuo &#8211; tutto ci\u00f2 che fa parte del suo mondo. Inoltre la terapia sistemica \u00e8 indirizzata alla ricerca di soluzioni (ci\u00f2 non vuol dire che viene trascurata l&#8217;origine dei problemi) e alla configurazione di obiettivi, impostando cos\u00ec un atteggiamento propositivo. Oltre alla psicoterapia mi dedico anche ai percorsi di <strong>mindfulness e supporto perinatale<\/strong> &#8211; due ambiti che sento particolarmente vicini e che rappresentano una parte importante della mia vocazione professionale.<\/p>\n\t<p>Al di fuori del lavoro sono <strong>moglie, mamma, sportiva, amante della natura e dei viaggi.<\/strong> Credo nel valore prezioso dei rapporti interpersonali e non smetto mai di ammirare con grande gratitudine le persone che decidono di aprirsi, fidarsi, mostrare la propria vulnerabilit\u00e0.<\/p>\n\t\t\t\t\t\t\t<img loading=\"lazy\" decoding=\"async\" src=\"https:\/\/vitavera-therapy.com\/wp-content\/uploads\/2022\/01\/Foto1_.jpg\" alt=\"Nina Grudina Vitavera\" itemprop=\"image\" height=\"800\" width=\"557\" title=\"Nina Grudina Vitavera\" onerror=\"this.style.display='none'\"  sizes=\"auto, (max-width: 768px) 100vw, 100vw\" srcset=\"https:\/\/vitavera-therapy.com\/wp-content\/uploads\/2022\/01\/Foto1_.jpg 557w, https:\/\/vitavera-therapy.com\/wp-content\/uploads\/2022\/01\/Foto1_-209x300.jpg 209w, https:\/\/vitavera-therapy.com\/wp-content\/uploads\/2022\/01\/Foto1_-420x603.jpg 420w, https:\/\/vitavera-therapy.com\/wp-content\/uploads\/2022\/01\/Foto1_-315x452.jpg 315w\" \/>\t\t\t\t\t\t\t\n\t<p>Per garantire i migliori standard nel mio lavoro partecipo regolarmente alle supervisioni, inoltre credo profondamente in una continua crescita grazie a eventi, percorsi formativi, seminari e alla lettura accademica. Ho svolto pi\u00f9 di 300 ore di psicoterapia in veste di cliente, cosa che mi ha permesso di capire com&#8217;\u00e8 stare \u00bbdall&#8217;altra parte\u00ab.<\/p>\n<p><strong>Nel mio lavoro mi impegno a rispettare il Codice etico della European Association of Psychotherapy (EAP) e alla protezione professionale dei dati personali.<\/strong><\/p>\n<p>Come psicoterapeuta certificata ad indirizzo sistemico sono anche membro dell&#8217;Associazione slovena per la terapia sistemica.<\/p>\n<h2>\n\tLa mia visione\n\t<\/h2>\n\t<p>Vita vera significa una vita autentica, vissuta in pienezza. Vuol dire sincerit\u00e0 nelle relazioni interpersonali, libera espressione dei propri pensieri ed emozioni e contatto con s\u00e9 stessi. Vuol dire nutrire l&#8217;amore per noi stessi e la forza che ci consente di vivere nel modo che riteniamo pi\u00f9 giusto, indipendentemente dalle pressioni e dai giudizi altrui. Ed \u00e8 proprio questo che auguro a ogni persona con la quale percorro un piccolo pezzo di cammino. Credo che in ognuno di noi ci sia un grande potenziale per il cambiamento, che per\u00f2 si concretizza solo se siamo sufficientemente motivati e abbiamo il coraggio di fare qualche passo al di fuori della nostra comfort zone. La psicoterapia \u00e8 un ottimo strumento per cominciare ad esplorare e mettere in pratica questa &#8220;vita vera&#8221;.<\/p>\n<strong>Qual \u00e8 la mia vocazione?<\/strong><br \/>\nAccompagnare le persone su un piccolo tratto del loro cammino &#8211; quando le salite diventano troppo ardue e le cadute troppo dolorose&#8230; quando ci si perde e non si sa pi\u00f9 che strada intraprendere&#8230; quando si comincia a vagare per inerzia e non si riesce pi\u00f9 a cogliere la bellezza del paesaggio circostante&#8230; quando ci si ritrova davanti a nuove sfide e affiora la paura di non essere all&#8217;altezza&#8230;\n\t\t\t\t\t\t\t<img loading=\"lazy\" decoding=\"async\" src=\"https:\/\/vitavera-therapy.com\/wp-content\/uploads\/2022\/02\/Foto3alt_.jpg\" alt=\"MINDFULNESS\" itemprop=\"image\" height=\"800\" width=\"1200\" onerror=\"this.style.display='none'\"  sizes=\"auto, (max-width: 768px) 100vw, 100vw\" srcset=\"https:\/\/vitavera-therapy.com\/wp-content\/uploads\/2022\/02\/Foto3alt_.jpg 1200w, https:\/\/vitavera-therapy.com\/wp-content\/uploads\/2022\/02\/Foto3alt_-300x200.jpg 300w, https:\/\/vitavera-therapy.com\/wp-content\/uploads\/2022\/02\/Foto3alt_-1024x683.jpg 1024w, https:\/\/vitavera-therapy.com\/wp-content\/uploads\/2022\/02\/Foto3alt_-630x420.jpg 630w, https:\/\/vitavera-therapy.com\/wp-content\/uploads\/2022\/02\/Foto3alt_-420x280.jpg 420w, https:\/\/vitavera-therapy.com\/wp-content\/uploads\/2022\/02\/Foto3alt_-840x560.jpg 840w, https:\/\/vitavera-therapy.com\/wp-content\/uploads\/2022\/02\/Foto3alt_-315x210.jpg 315w\" \/>\t\t\t\t\t\t\t\n\n<\/div><!-- .vgblk-rw-wrapper -->","protected":false},"excerpt":{"rendered":"<p>Benvenuto\/a sulla mia pagina web! Molto probabilmente non sei qui per caso, ma perch\u00e9 hai trovato il coraggio di cominciare a cambiare la tua vita. Sono Nina Grudina, psicoterapeuta ad indirizzo sistemico. Ho conseguito la laurea magistrale e la specializzazione quadriennale presso l&#8217;Universit\u00e0 di psicoterapia Sigmund Freud di Ljubljana. Nel mio studio mi occupo di&#8230;<\/p>\n","protected":false},"author":1,"featured_media":0,"parent":0,"menu_order":0,"comment_status":"closed","ping_status":"closed","template":"","meta":{"inline_featured_image":false,"_monsterinsights_skip_tracking":false,"_monsterinsights_sitenote_active":false,"_monsterinsights_sitenote_note":"","_monsterinsights_sitenote_category":0,"footnotes":""},"class_list":["post-988140","page","type-page","status-publish","hentry"],"yoast_head":"<!-- This site is optimized with the Yoast SEO plugin v27.4 - https:\/\/yoast.com\/product\/yoast-seo-wordpress\/ -->\n<title>Chi sono - Nina Grudina - VITAVERA<\/title>\n<meta name=\"description\" content=\"Sono Nina Grudina, specializzanda di psicoterapia sistemica presso l\u2019Universit\u00e0 di psicoterapia Sigmund Freud di Ljubljana.\" \/>\n<meta name=\"robots\" content=\"index, follow, max-snippet:-1, max-image-preview:large, max-video-preview:-1\" \/>\n<link rel=\"canonical\" href=\"https:\/\/vitavera-therapy.com\/it\/chi-sono\/\" \/>\n<meta property=\"og:locale\" content=\"it_IT\" \/>\n<meta property=\"og:type\" content=\"article\" \/>\n<meta property=\"og:title\" content=\"Chi sono - Nina Grudina - VITAVERA\" \/>\n<meta property=\"og:description\" content=\"Sono Nina Grudina, specializzanda di psicoterapia sistemica presso l\u2019Universit\u00e0 di psicoterapia Sigmund Freud di Ljubljana.\" \/>\n<meta property=\"og:url\" content=\"https:\/\/vitavera-therapy.com\/it\/chi-sono\/\" \/>\n<meta property=\"og:site_name\" content=\"VITAVERA\" \/>\n<meta property=\"article:publisher\" content=\"https:\/\/www.facebook.com\/VitaVeraTherapy\" \/>\n<meta property=\"article:modified_time\" content=\"2025-08-20T17:24:49+00:00\" \/>\n<meta property=\"og:image\" content=\"https:\/\/vitavera-therapy.com\/wp-content\/uploads\/2022\/01\/Foto1_.jpg\" \/>\n<meta name=\"twitter:card\" content=\"summary_large_image\" \/>\n<meta name=\"twitter:label1\" content=\"Tempo di lettura stimato\" \/>\n\t<meta name=\"twitter:data1\" content=\"5 minuti\" \/>\n<script type=\"application\/ld+json\" class=\"yoast-schema-graph\">{\"@context\":\"https:\\\/\\\/schema.org\",\"@graph\":[{\"@type\":\"WebPage\",\"@id\":\"https:\\\/\\\/vitavera-therapy.com\\\/it\\\/chi-sono\\\/\",\"url\":\"https:\\\/\\\/vitavera-therapy.com\\\/it\\\/chi-sono\\\/\",\"name\":\"Chi sono - Nina Grudina - VITAVERA\",\"isPartOf\":{\"@id\":\"https:\\\/\\\/vitavera-therapy.com\\\/it\\\/#website\"},\"primaryImageOfPage\":{\"@id\":\"https:\\\/\\\/vitavera-therapy.com\\\/it\\\/chi-sono\\\/#primaryimage\"},\"image\":{\"@id\":\"https:\\\/\\\/vitavera-therapy.com\\\/it\\\/chi-sono\\\/#primaryimage\"},\"thumbnailUrl\":\"https:\\\/\\\/vitavera-therapy.com\\\/wp-content\\\/uploads\\\/2022\\\/01\\\/Foto1_.jpg\",\"datePublished\":\"2022-04-05T18:33:39+00:00\",\"dateModified\":\"2025-08-20T17:24:49+00:00\",\"description\":\"Sono Nina Grudina, specializzanda di psicoterapia sistemica presso l\u2019Universit\u00e0 di psicoterapia Sigmund Freud di Ljubljana.\",\"breadcrumb\":{\"@id\":\"https:\\\/\\\/vitavera-therapy.com\\\/it\\\/chi-sono\\\/#breadcrumb\"},\"inLanguage\":\"it-IT\",\"potentialAction\":[{\"@type\":\"ReadAction\",\"target\":[\"https:\\\/\\\/vitavera-therapy.com\\\/it\\\/chi-sono\\\/\"]}]},{\"@type\":\"ImageObject\",\"inLanguage\":\"it-IT\",\"@id\":\"https:\\\/\\\/vitavera-therapy.com\\\/it\\\/chi-sono\\\/#primaryimage\",\"url\":\"https:\\\/\\\/vitavera-therapy.com\\\/wp-content\\\/uploads\\\/2022\\\/01\\\/Foto1_.jpg\",\"contentUrl\":\"https:\\\/\\\/vitavera-therapy.com\\\/wp-content\\\/uploads\\\/2022\\\/01\\\/Foto1_.jpg\"},{\"@type\":\"BreadcrumbList\",\"@id\":\"https:\\\/\\\/vitavera-therapy.com\\\/it\\\/chi-sono\\\/#breadcrumb\",\"itemListElement\":[{\"@type\":\"ListItem\",\"position\":1,\"name\":\"Vitavera\",\"item\":\"https:\\\/\\\/vitavera-therapy.com\\\/it\\\/\"},{\"@type\":\"ListItem\",\"position\":2,\"name\":\"Chi sono\"}]},{\"@type\":\"WebSite\",\"@id\":\"https:\\\/\\\/vitavera-therapy.com\\\/it\\\/#website\",\"url\":\"https:\\\/\\\/vitavera-therapy.com\\\/it\\\/\",\"name\":\"VITAVERA\",\"description\":\"\",\"publisher\":{\"@id\":\"https:\\\/\\\/vitavera-therapy.com\\\/it\\\/#organization\"},\"potentialAction\":[{\"@type\":\"SearchAction\",\"target\":{\"@type\":\"EntryPoint\",\"urlTemplate\":\"https:\\\/\\\/vitavera-therapy.com\\\/it\\\/?s={search_term_string}\"},\"query-input\":{\"@type\":\"PropertyValueSpecification\",\"valueRequired\":true,\"valueName\":\"search_term_string\"}}],\"inLanguage\":\"it-IT\"},{\"@type\":\"Organization\",\"@id\":\"https:\\\/\\\/vitavera-therapy.com\\\/it\\\/#organization\",\"name\":\"VITAVERA\",\"url\":\"https:\\\/\\\/vitavera-therapy.com\\\/it\\\/\",\"logo\":{\"@type\":\"ImageObject\",\"inLanguage\":\"it-IT\",\"@id\":\"https:\\\/\\\/vitavera-therapy.com\\\/it\\\/#\\\/schema\\\/logo\\\/image\\\/\",\"url\":\"https:\\\/\\\/vitavera-therapy.com\\\/wp-content\\\/uploads\\\/2022\\\/02\\\/Vitavera_Gradient-LOGO.png\",\"contentUrl\":\"https:\\\/\\\/vitavera-therapy.com\\\/wp-content\\\/uploads\\\/2022\\\/02\\\/Vitavera_Gradient-LOGO.png\",\"width\":340,\"height\":340,\"caption\":\"VITAVERA\"},\"image\":{\"@id\":\"https:\\\/\\\/vitavera-therapy.com\\\/it\\\/#\\\/schema\\\/logo\\\/image\\\/\"},\"sameAs\":[\"https:\\\/\\\/www.facebook.com\\\/VitaVeraTherapy\",\"https:\\\/\\\/www.instagram.com\\\/vitavera_therapy\\\/?hl=it\"]}]}<\/script>\n<!-- \/ Yoast SEO plugin. -->","yoast_head_json":{"title":"Chi sono - Nina Grudina - VITAVERA","description":"Sono Nina Grudina, specializzanda di psicoterapia sistemica presso l\u2019Universit\u00e0 di psicoterapia Sigmund Freud di Ljubljana.","robots":{"index":"index","follow":"follow","max-snippet":"max-snippet:-1","max-image-preview":"max-image-preview:large","max-video-preview":"max-video-preview:-1"},"canonical":"https:\/\/vitavera-therapy.com\/it\/chi-sono\/","og_locale":"it_IT","og_type":"article","og_title":"Chi sono - Nina Grudina - VITAVERA","og_description":"Sono Nina Grudina, specializzanda di psicoterapia sistemica presso l\u2019Universit\u00e0 di psicoterapia Sigmund Freud di Ljubljana.","og_url":"https:\/\/vitavera-therapy.com\/it\/chi-sono\/","og_site_name":"VITAVERA","article_publisher":"https:\/\/www.facebook.com\/VitaVeraTherapy","article_modified_time":"2025-08-20T17:24:49+00:00","og_image":[{"url":"https:\/\/vitavera-therapy.com\/wp-content\/uploads\/2022\/01\/Foto1_.jpg","type":"","width":"","height":""}],"twitter_card":"summary_large_image","twitter_misc":{"Tempo di lettura stimato":"5 minuti"},"schema":{"@context":"https:\/\/schema.org","@graph":[{"@type":"WebPage","@id":"https:\/\/vitavera-therapy.com\/it\/chi-sono\/","url":"https:\/\/vitavera-therapy.com\/it\/chi-sono\/","name":"Chi sono - Nina Grudina - VITAVERA","isPartOf":{"@id":"https:\/\/vitavera-therapy.com\/it\/#website"},"primaryImageOfPage":{"@id":"https:\/\/vitavera-therapy.com\/it\/chi-sono\/#primaryimage"},"image":{"@id":"https:\/\/vitavera-therapy.com\/it\/chi-sono\/#primaryimage"},"thumbnailUrl":"https:\/\/vitavera-therapy.com\/wp-content\/uploads\/2022\/01\/Foto1_.jpg","datePublished":"2022-04-05T18:33:39+00:00","dateModified":"2025-08-20T17:24:49+00:00","description":"Sono Nina Grudina, specializzanda di psicoterapia sistemica presso l\u2019Universit\u00e0 di psicoterapia Sigmund Freud di Ljubljana.","breadcrumb":{"@id":"https:\/\/vitavera-therapy.com\/it\/chi-sono\/#breadcrumb"},"inLanguage":"it-IT","potentialAction":[{"@type":"ReadAction","target":["https:\/\/vitavera-therapy.com\/it\/chi-sono\/"]}]},{"@type":"ImageObject","inLanguage":"it-IT","@id":"https:\/\/vitavera-therapy.com\/it\/chi-sono\/#primaryimage","url":"https:\/\/vitavera-therapy.com\/wp-content\/uploads\/2022\/01\/Foto1_.jpg","contentUrl":"https:\/\/vitavera-therapy.com\/wp-content\/uploads\/2022\/01\/Foto1_.jpg"},{"@type":"BreadcrumbList","@id":"https:\/\/vitavera-therapy.com\/it\/chi-sono\/#breadcrumb","itemListElement":[{"@type":"ListItem","position":1,"name":"Vitavera","item":"https:\/\/vitavera-therapy.com\/it\/"},{"@type":"ListItem","position":2,"name":"Chi sono"}]},{"@type":"WebSite","@id":"https:\/\/vitavera-therapy.com\/it\/#website","url":"https:\/\/vitavera-therapy.com\/it\/","name":"VITAVERA","description":"","publisher":{"@id":"https:\/\/vitavera-therapy.com\/it\/#organization"},"potentialAction":[{"@type":"SearchAction","target":{"@type":"EntryPoint","urlTemplate":"https:\/\/vitavera-therapy.com\/it\/?s={search_term_string}"},"query-input":{"@type":"PropertyValueSpecification","valueRequired":true,"valueName":"search_term_string"}}],"inLanguage":"it-IT"},{"@type":"Organization","@id":"https:\/\/vitavera-therapy.com\/it\/#organization","name":"VITAVERA","url":"https:\/\/vitavera-therapy.com\/it\/","logo":{"@type":"ImageObject","inLanguage":"it-IT","@id":"https:\/\/vitavera-therapy.com\/it\/#\/schema\/logo\/image\/","url":"https:\/\/vitavera-therapy.com\/wp-content\/uploads\/2022\/02\/Vitavera_Gradient-LOGO.png","contentUrl":"https:\/\/vitavera-therapy.com\/wp-content\/uploads\/2022\/02\/Vitavera_Gradient-LOGO.png","width":340,"height":340,"caption":"VITAVERA"},"image":{"@id":"https:\/\/vitavera-therapy.com\/it\/#\/schema\/logo\/image\/"},"sameAs":["https:\/\/www.facebook.com\/VitaVeraTherapy","https:\/\/www.instagram.com\/vitavera_therapy\/?hl=it"]}]}},"_links":{"self":[{"href":"https:\/\/vitavera-therapy.com\/it\/wp-json\/wp\/v2\/pages\/988140","targetHints":{"allow":["GET"]}}],"collection":[{"href":"https:\/\/vitavera-therapy.com\/it\/wp-json\/wp\/v2\/pages"}],"about":[{"href":"https:\/\/vitavera-therapy.com\/it\/wp-json\/wp\/v2\/types\/page"}],"author":[{"embeddable":true,"href":"https:\/\/vitavera-therapy.com\/it\/wp-json\/wp\/v2\/users\/1"}],"replies":[{"embeddable":true,"href":"https:\/\/vitavera-therapy.com\/it\/wp-json\/wp\/v2\/comments?post=988140"}],"version-history":[{"count":7,"href":"https:\/\/vitavera-therapy.com\/it\/wp-json\/wp\/v2\/pages\/988140\/revisions"}],"predecessor-version":[{"id":988440,"href":"https:\/\/vitavera-therapy.com\/it\/wp-json\/wp\/v2\/pages\/988140\/revisions\/988440"}],"wp:attachment":[{"href":"https:\/\/vitavera-therapy.com\/it\/wp-json\/wp\/v2\/media?parent=988140"}],"curies":[{"name":"wp","href":"https:\/\/api.w.org\/{rel}","templated":true}]}}