{"id":988373,"date":"2022-03-03T22:38:55","date_gmt":"2022-03-03T21:38:55","guid":{"rendered":"https:\/\/vitavera-therapy.com\/home-page-3\/"},"modified":"2025-08-20T18:33:47","modified_gmt":"2025-08-20T17:33:47","slug":"home-page-3","status":"publish","type":"page","link":"https:\/\/vitavera-therapy.com\/en\/","title":{"rendered":"Vitavera therapy"},"content":{"rendered":"<div class=\"vgblk-rw-wrapper limit-wrapper\">\n\n\t\t\t\t\t\t\t<img decoding=\"async\" src=\"https:\/\/vitavera-therapy.com\/wp-content\/plugins\/beaver-builder-lite-version\/img\/pixel.png\" alt=\"\" itemprop=\"image\" onerror=\"this.style.display='none'\"  \/>\n<h1>\n\tWelcome to my webpage!\n\t<\/h1>\n\t<p>I&#8217;m <strong>Nina Grudina<\/strong>, a psychotherapist with a systemic approach, here to accompany you through life&#8217;s transitions with mindfulness and compassionate perinatal support.<\/p>\n\t\t\t\t\t\t\t<img loading=\"lazy\" decoding=\"async\" src=\"https:\/\/vitavera-therapy.com\/wp-content\/uploads\/2022\/01\/Foto1_.jpg\" alt=\"Nina Grudina Vitavera\" itemprop=\"image\" height=\"800\" width=\"557\" title=\"Nina Grudina Vitavera\" onerror=\"this.style.display='none'\"  sizes=\"auto, \" srcset=\"https:\/\/vitavera-therapy.com\/wp-content\/uploads\/2022\/01\/Foto1_.jpg 557w, https:\/\/vitavera-therapy.com\/wp-content\/uploads\/2022\/01\/Foto1_-209x300.jpg 209w, https:\/\/vitavera-therapy.com\/wp-content\/uploads\/2022\/01\/Foto1_-420x603.jpg 420w, https:\/\/vitavera-therapy.com\/wp-content\/uploads\/2022\/01\/Foto1_-315x452.jpg 315w\" \/>\t\t\t\t\t\t\t\n\t<a href=\"https:\/\/vitavera-therapy.com\/en\/about-me\/\" target=\"_self\" role=\"button\">\n\t\t\t\t\tMore about me\n\t<\/a>\n<h1>\n\tWhat do I offer?\n\t<\/h1>\n\t\t\t\t\t\t\t<img loading=\"lazy\" decoding=\"async\" src=\"https:\/\/vitavera-therapy.com\/wp-content\/uploads\/2022\/02\/Psihoterapija_.jpg\" alt=\"Psihoterapija\" itemprop=\"image\" height=\"964\" width=\"1480\" title=\"Psihoterapija\" onerror=\"this.style.display='none'\"  sizes=\"auto, (max-width: 768px) 100vw, 100vw\" srcset=\"https:\/\/vitavera-therapy.com\/wp-content\/uploads\/2022\/02\/Psihoterapija_.jpg 1480w, https:\/\/vitavera-therapy.com\/wp-content\/uploads\/2022\/02\/Psihoterapija_-300x195.jpg 300w, https:\/\/vitavera-therapy.com\/wp-content\/uploads\/2022\/02\/Psihoterapija_-1024x667.jpg 1024w, https:\/\/vitavera-therapy.com\/wp-content\/uploads\/2022\/02\/Psihoterapija_-1260x821.jpg 1260w, https:\/\/vitavera-therapy.com\/wp-content\/uploads\/2022\/02\/Psihoterapija_-630x410.jpg 630w, https:\/\/vitavera-therapy.com\/wp-content\/uploads\/2022\/02\/Psihoterapija_-420x274.jpg 420w, https:\/\/vitavera-therapy.com\/wp-content\/uploads\/2022\/02\/Psihoterapija_-840x547.jpg 840w, https:\/\/vitavera-therapy.com\/wp-content\/uploads\/2022\/02\/Psihoterapija_-315x205.jpg 315w\" \/>\t\t\t\t\t\t\t\n<h2>\n\tPsychotherapy\n\t<\/h2>\n\t<p>Psychotherapy is for individuals facing difficulty at a particular moment in life or anyone seeking to improve the quality of their relationships and well-being.<\/p>\n\t<a href=\"https:\/\/vitavera-therapy.com\/en\/psychotherapy\/\" target=\"_self\" role=\"button\">\n\t\t\t\t\tRead more\n\t<\/a>\n\t\t\t\t\t\t\t<img loading=\"lazy\" decoding=\"async\" src=\"https:\/\/vitavera-therapy.com\/wp-content\/uploads\/2022\/02\/Foto3alt_.jpg\" alt=\"\u010cuje\u010dnost\" itemprop=\"image\" height=\"800\" width=\"1200\" onerror=\"this.style.display='none'\"  sizes=\"auto, (max-width: 768px) 100vw, 100vw\" srcset=\"https:\/\/vitavera-therapy.com\/wp-content\/uploads\/2022\/02\/Foto3alt_.jpg 1200w, https:\/\/vitavera-therapy.com\/wp-content\/uploads\/2022\/02\/Foto3alt_-300x200.jpg 300w, https:\/\/vitavera-therapy.com\/wp-content\/uploads\/2022\/02\/Foto3alt_-1024x683.jpg 1024w, https:\/\/vitavera-therapy.com\/wp-content\/uploads\/2022\/02\/Foto3alt_-630x420.jpg 630w, https:\/\/vitavera-therapy.com\/wp-content\/uploads\/2022\/02\/Foto3alt_-420x280.jpg 420w, https:\/\/vitavera-therapy.com\/wp-content\/uploads\/2022\/02\/Foto3alt_-840x560.jpg 840w, https:\/\/vitavera-therapy.com\/wp-content\/uploads\/2022\/02\/Foto3alt_-315x210.jpg 315w\" \/>\t\t\t\t\t\t\t\n<h2>\n\tMindfulness\n\t<\/h2>\n\t<p>&#8220;Mindfulness&#8221; means living with awareness and acceptance. It&#8217;s a capacity we all possess but often forget due to societal pressures and busy lifestyles.<\/p>\n\t<a href=\"https:\/\/vitavera-therapy.com\/en\/mindfulness\/\" target=\"_self\" role=\"button\">\n\t\t\t\t\tRead more\n\t<\/a>\n\t\t\t\t\t\t\t<img loading=\"lazy\" decoding=\"async\" src=\"https:\/\/vitavera-therapy.com\/wp-content\/uploads\/2022\/02\/Perinatalna-podpora.jpg\" alt=\"Perinatalna podpora\" itemprop=\"image\" height=\"964\" width=\"1480\" title=\"Perinatalna podpora\" onerror=\"this.style.display='none'\"  sizes=\"auto, (max-width: 768px) 100vw, 100vw\" srcset=\"https:\/\/vitavera-therapy.com\/wp-content\/uploads\/2022\/02\/Perinatalna-podpora.jpg 1480w, https:\/\/vitavera-therapy.com\/wp-content\/uploads\/2022\/02\/Perinatalna-podpora-300x195.jpg 300w, https:\/\/vitavera-therapy.com\/wp-content\/uploads\/2022\/02\/Perinatalna-podpora-1024x667.jpg 1024w, https:\/\/vitavera-therapy.com\/wp-content\/uploads\/2022\/02\/Perinatalna-podpora-1260x821.jpg 1260w, https:\/\/vitavera-therapy.com\/wp-content\/uploads\/2022\/02\/Perinatalna-podpora-630x410.jpg 630w, https:\/\/vitavera-therapy.com\/wp-content\/uploads\/2022\/02\/Perinatalna-podpora-420x274.jpg 420w, https:\/\/vitavera-therapy.com\/wp-content\/uploads\/2022\/02\/Perinatalna-podpora-840x547.jpg 840w, https:\/\/vitavera-therapy.com\/wp-content\/uploads\/2022\/02\/Perinatalna-podpora-315x205.jpg 315w\" \/>\t\t\t\t\t\t\t\n<h2>\n\tPerinatal support\n\t<\/h2>\n\t<p>The perinatal period includes pregnancy and the first year after childbirth &#8211; a time of heightened vulnerability, with many women experiencing emotional challenges.<\/p>\n\t<a href=\"https:\/\/vitavera-therapy.com\/en\/perinatal-support\/\" target=\"_self\" role=\"button\">\n\t\t\t\t\tRead more\n\t<\/a>\n\t\t\t\t\t\t\t<img loading=\"lazy\" decoding=\"async\" src=\"https:\/\/vitavera-therapy.com\/wp-content\/uploads\/2025\/08\/LP_9791_-1-777x1024.jpg\" alt=\"Nina Grudina\" itemprop=\"image\" height=\"1024\" width=\"777\" onerror=\"this.style.display='none'\"  sizes=\"auto, (max-width: 768px) 100vw, 100vw\" srcset=\"https:\/\/vitavera-therapy.com\/wp-content\/uploads\/2025\/08\/LP_9791_-1-777x1024.jpg 777w, https:\/\/vitavera-therapy.com\/wp-content\/uploads\/2025\/08\/LP_9791_-1-228x300.jpg 228w, https:\/\/vitavera-therapy.com\/wp-content\/uploads\/2025\/08\/LP_9791_-1-630x830.jpg 630w, https:\/\/vitavera-therapy.com\/wp-content\/uploads\/2025\/08\/LP_9791_-1-420x553.jpg 420w, https:\/\/vitavera-therapy.com\/wp-content\/uploads\/2025\/08\/LP_9791_-1-315x415.jpg 315w, https:\/\/vitavera-therapy.com\/wp-content\/uploads\/2025\/08\/LP_9791_-1.jpg 800w\" \/>\t\t\t\t\t\t\t\n<h2>\n\t\t\tMy vision\t<\/h2>\n\t<p>True life means living an authentic life to the fullest. It means sincerity in interpersonal relationships, free expression of one&#8217;s thoughts and emotions, and being in touch with oneself.<\/p>\n<p>It means nurturing love for ourselves and the strength that allows us to live in the way we believe is right, regardless of others&#8217; pressures and judgments. This is exactly what I wish for every person with whom I share a small part of their journey. I believe that within each of us there is great potential for change, which is realized only if we are sufficiently motivated and have the courage to step outside our comfort zone. Psychotherapy is an excellent tool to begin exploring and practicing this &#8220;true life.&#8221;<\/p>\n<p><strong>What is my calling?\u00a0<\/strong><\/p>\n<p>To support people during challenging moments and share a small stretch of their journey &#8211; when the climb is too steep, when the falls are too painful, when you feel lost and unsure of which path to take, when inertia causes you to lose sight of life&#8217;s beauty and fear arises in the face of new challenges.<\/p>\n<h3>\n\tSend a message\n\t<\/h3>\n\tNotice: JavaScript is required for this content.\n        <!-- That data is being printed as a workaround to page builders reordering the order of the scripts loaded-->\n        <h3>\n\tContact me\n\t<\/h3>\n<h5>\n\tCell &amp; e-mail\n\t<\/h5>\n\t<a href=\"tel:+386 71300310\" target=\"_blank\" rel=\"noopener\">+386 71300310<\/a><br \/>\n<a href=\"mailto:info@vitavera-therapy.com\">info@vitavera-therapy.com<\/a>\n<h5>\n\tOpening Hours\n\t<\/h5>\n\t<p>By appointment only.<\/p>\n<h5>\n\tLocation\n\t<\/h5>\n\t<p>Cesta Prekomorskih brigad 20, 5290 \u0160empeter pri Gorici, SI<\/p>\n\t\t<iframe src=\"https:\/\/maps.google.com\/maps?q=Prekomorskih+brigad+20%2C+5290+%C5%A0empeter+pri+Gorici&#038;iwloc=near&#038;output=embed\" height=\"406\" frameborder=\"0\" loading=\"lazy\"><\/iframe>\n\n<\/div><!-- .vgblk-rw-wrapper -->","protected":false},"excerpt":{"rendered":"<p>Welcome to my webpage! I&#8217;m Nina Grudina, a psychotherapist with a systemic approach, here to accompany you through life&#8217;s transitions with mindfulness and compassionate perinatal support. More about me What do I offer? Psychotherapy Psychotherapy is for individuals facing difficulty at a particular moment in life or anyone seeking to improve the quality of their&#8230;<\/p>\n","protected":false},"author":1,"featured_media":0,"parent":0,"menu_order":0,"comment_status":"closed","ping_status":"closed","template":"","meta":{"inline_featured_image":false,"_monsterinsights_skip_tracking":false,"_monsterinsights_sitenote_active":false,"_monsterinsights_sitenote_note":"","_monsterinsights_sitenote_category":0,"footnotes":""},"class_list":["post-988373","page","type-page","status-publish","hentry"],"yoast_head":"<!-- This site is optimized with the Yoast SEO plugin v27.4 - https:\/\/yoast.com\/product\/yoast-seo-wordpress\/ -->\n<title>Vitavera therapy - VITAVERA<\/title>\n<meta name=\"description\" content=\"Dobrodo\u0161li na strani vitavera-theraphy.com. Sem Nina Grudina, specializantka sistemske psihoterapije, u\u010diteljica \u010duje\u010dnosti in voditelj...\" \/>\n<meta name=\"robots\" content=\"index, follow, max-snippet:-1, max-image-preview:large, max-video-preview:-1\" \/>\n<link rel=\"canonical\" href=\"https:\/\/vitavera-therapy.com\/en\/\" \/>\n<meta property=\"og:locale\" content=\"en_US\" \/>\n<meta property=\"og:type\" content=\"article\" \/>\n<meta property=\"og:title\" content=\"Vitavera therapy - VITAVERA\" \/>\n<meta property=\"og:description\" content=\"Dobrodo\u0161li na strani vitavera-theraphy.com. Sem Nina Grudina, specializantka sistemske psihoterapije, u\u010diteljica \u010duje\u010dnosti in voditelj...\" \/>\n<meta property=\"og:url\" content=\"https:\/\/vitavera-therapy.com\/en\/\" \/>\n<meta property=\"og:site_name\" content=\"VITAVERA\" \/>\n<meta property=\"article:publisher\" content=\"https:\/\/www.facebook.com\/VitaVeraTherapy\" \/>\n<meta property=\"article:modified_time\" content=\"2025-08-20T17:33:47+00:00\" \/>\n<meta property=\"og:image\" content=\"https:\/\/vitavera-therapy.com\/wp-content\/plugins\/beaver-builder-lite-version\/img\/pixel.png\" \/>\n<meta name=\"twitter:card\" content=\"summary_large_image\" \/>\n<meta name=\"twitter:label1\" content=\"Est. reading time\" \/>\n\t<meta name=\"twitter:data1\" content=\"4 minutes\" \/>\n<script type=\"application\/ld+json\" class=\"yoast-schema-graph\">{\"@context\":\"https:\\\/\\\/schema.org\",\"@graph\":[{\"@type\":\"WebPage\",\"@id\":\"https:\\\/\\\/vitavera-therapy.com\\\/en\\\/\",\"url\":\"https:\\\/\\\/vitavera-therapy.com\\\/en\\\/\",\"name\":\"Vitavera therapy - VITAVERA\",\"isPartOf\":{\"@id\":\"https:\\\/\\\/vitavera-therapy.com\\\/en\\\/#website\"},\"primaryImageOfPage\":{\"@id\":\"https:\\\/\\\/vitavera-therapy.com\\\/en\\\/#primaryimage\"},\"image\":{\"@id\":\"https:\\\/\\\/vitavera-therapy.com\\\/en\\\/#primaryimage\"},\"thumbnailUrl\":\"https:\\\/\\\/vitavera-therapy.com\\\/wp-content\\\/plugins\\\/beaver-builder-lite-version\\\/img\\\/pixel.png\",\"datePublished\":\"2022-03-03T21:38:55+00:00\",\"dateModified\":\"2025-08-20T17:33:47+00:00\",\"description\":\"Dobrodo\u0161li na strani vitavera-theraphy.com. Sem Nina Grudina, specializantka sistemske psihoterapije, u\u010diteljica \u010duje\u010dnosti in voditelj...\",\"breadcrumb\":{\"@id\":\"https:\\\/\\\/vitavera-therapy.com\\\/en\\\/#breadcrumb\"},\"inLanguage\":\"en-US\",\"potentialAction\":[{\"@type\":\"ReadAction\",\"target\":[\"https:\\\/\\\/vitavera-therapy.com\\\/en\\\/\"]}]},{\"@type\":\"ImageObject\",\"inLanguage\":\"en-US\",\"@id\":\"https:\\\/\\\/vitavera-therapy.com\\\/en\\\/#primaryimage\",\"url\":\"https:\\\/\\\/vitavera-therapy.com\\\/wp-content\\\/plugins\\\/beaver-builder-lite-version\\\/img\\\/pixel.png\",\"contentUrl\":\"https:\\\/\\\/vitavera-therapy.com\\\/wp-content\\\/plugins\\\/beaver-builder-lite-version\\\/img\\\/pixel.png\"},{\"@type\":\"BreadcrumbList\",\"@id\":\"https:\\\/\\\/vitavera-therapy.com\\\/en\\\/#breadcrumb\",\"itemListElement\":[{\"@type\":\"ListItem\",\"position\":1,\"name\":\"Vitavera\",\"item\":\"https:\\\/\\\/vitavera-therapy.com\\\/en\\\/\"},{\"@type\":\"ListItem\",\"position\":2,\"name\":\"Vitavera therapy\"}]},{\"@type\":\"WebSite\",\"@id\":\"https:\\\/\\\/vitavera-therapy.com\\\/en\\\/#website\",\"url\":\"https:\\\/\\\/vitavera-therapy.com\\\/en\\\/\",\"name\":\"VITAVERA\",\"description\":\"\",\"publisher\":{\"@id\":\"https:\\\/\\\/vitavera-therapy.com\\\/en\\\/#organization\"},\"potentialAction\":[{\"@type\":\"SearchAction\",\"target\":{\"@type\":\"EntryPoint\",\"urlTemplate\":\"https:\\\/\\\/vitavera-therapy.com\\\/en\\\/?s={search_term_string}\"},\"query-input\":{\"@type\":\"PropertyValueSpecification\",\"valueRequired\":true,\"valueName\":\"search_term_string\"}}],\"inLanguage\":\"en-US\"},{\"@type\":\"Organization\",\"@id\":\"https:\\\/\\\/vitavera-therapy.com\\\/en\\\/#organization\",\"name\":\"VITAVERA\",\"url\":\"https:\\\/\\\/vitavera-therapy.com\\\/en\\\/\",\"logo\":{\"@type\":\"ImageObject\",\"inLanguage\":\"en-US\",\"@id\":\"https:\\\/\\\/vitavera-therapy.com\\\/en\\\/#\\\/schema\\\/logo\\\/image\\\/\",\"url\":\"https:\\\/\\\/vitavera-therapy.com\\\/wp-content\\\/uploads\\\/2022\\\/02\\\/Vitavera_Gradient-LOGO.png\",\"contentUrl\":\"https:\\\/\\\/vitavera-therapy.com\\\/wp-content\\\/uploads\\\/2022\\\/02\\\/Vitavera_Gradient-LOGO.png\",\"width\":340,\"height\":340,\"caption\":\"VITAVERA\"},\"image\":{\"@id\":\"https:\\\/\\\/vitavera-therapy.com\\\/en\\\/#\\\/schema\\\/logo\\\/image\\\/\"},\"sameAs\":[\"https:\\\/\\\/www.facebook.com\\\/VitaVeraTherapy\",\"https:\\\/\\\/www.instagram.com\\\/vitavera_therapy\\\/?hl=it\"]}]}<\/script>\n<!-- \/ Yoast SEO plugin. -->","yoast_head_json":{"title":"Vitavera therapy - VITAVERA","description":"Dobrodo\u0161li na strani vitavera-theraphy.com. Sem Nina Grudina, specializantka sistemske psihoterapije, u\u010diteljica \u010duje\u010dnosti in voditelj...","robots":{"index":"index","follow":"follow","max-snippet":"max-snippet:-1","max-image-preview":"max-image-preview:large","max-video-preview":"max-video-preview:-1"},"canonical":"https:\/\/vitavera-therapy.com\/en\/","og_locale":"en_US","og_type":"article","og_title":"Vitavera therapy - VITAVERA","og_description":"Dobrodo\u0161li na strani vitavera-theraphy.com. Sem Nina Grudina, specializantka sistemske psihoterapije, u\u010diteljica \u010duje\u010dnosti in voditelj...","og_url":"https:\/\/vitavera-therapy.com\/en\/","og_site_name":"VITAVERA","article_publisher":"https:\/\/www.facebook.com\/VitaVeraTherapy","article_modified_time":"2025-08-20T17:33:47+00:00","og_image":[{"url":"https:\/\/vitavera-therapy.com\/wp-content\/plugins\/beaver-builder-lite-version\/img\/pixel.png","type":"","width":"","height":""}],"twitter_card":"summary_large_image","twitter_misc":{"Est. reading time":"4 minutes"},"schema":{"@context":"https:\/\/schema.org","@graph":[{"@type":"WebPage","@id":"https:\/\/vitavera-therapy.com\/en\/","url":"https:\/\/vitavera-therapy.com\/en\/","name":"Vitavera therapy - VITAVERA","isPartOf":{"@id":"https:\/\/vitavera-therapy.com\/en\/#website"},"primaryImageOfPage":{"@id":"https:\/\/vitavera-therapy.com\/en\/#primaryimage"},"image":{"@id":"https:\/\/vitavera-therapy.com\/en\/#primaryimage"},"thumbnailUrl":"https:\/\/vitavera-therapy.com\/wp-content\/plugins\/beaver-builder-lite-version\/img\/pixel.png","datePublished":"2022-03-03T21:38:55+00:00","dateModified":"2025-08-20T17:33:47+00:00","description":"Dobrodo\u0161li na strani vitavera-theraphy.com. Sem Nina Grudina, specializantka sistemske psihoterapije, u\u010diteljica \u010duje\u010dnosti in voditelj...","breadcrumb":{"@id":"https:\/\/vitavera-therapy.com\/en\/#breadcrumb"},"inLanguage":"en-US","potentialAction":[{"@type":"ReadAction","target":["https:\/\/vitavera-therapy.com\/en\/"]}]},{"@type":"ImageObject","inLanguage":"en-US","@id":"https:\/\/vitavera-therapy.com\/en\/#primaryimage","url":"https:\/\/vitavera-therapy.com\/wp-content\/plugins\/beaver-builder-lite-version\/img\/pixel.png","contentUrl":"https:\/\/vitavera-therapy.com\/wp-content\/plugins\/beaver-builder-lite-version\/img\/pixel.png"},{"@type":"BreadcrumbList","@id":"https:\/\/vitavera-therapy.com\/en\/#breadcrumb","itemListElement":[{"@type":"ListItem","position":1,"name":"Vitavera","item":"https:\/\/vitavera-therapy.com\/en\/"},{"@type":"ListItem","position":2,"name":"Vitavera therapy"}]},{"@type":"WebSite","@id":"https:\/\/vitavera-therapy.com\/en\/#website","url":"https:\/\/vitavera-therapy.com\/en\/","name":"VITAVERA","description":"","publisher":{"@id":"https:\/\/vitavera-therapy.com\/en\/#organization"},"potentialAction":[{"@type":"SearchAction","target":{"@type":"EntryPoint","urlTemplate":"https:\/\/vitavera-therapy.com\/en\/?s={search_term_string}"},"query-input":{"@type":"PropertyValueSpecification","valueRequired":true,"valueName":"search_term_string"}}],"inLanguage":"en-US"},{"@type":"Organization","@id":"https:\/\/vitavera-therapy.com\/en\/#organization","name":"VITAVERA","url":"https:\/\/vitavera-therapy.com\/en\/","logo":{"@type":"ImageObject","inLanguage":"en-US","@id":"https:\/\/vitavera-therapy.com\/en\/#\/schema\/logo\/image\/","url":"https:\/\/vitavera-therapy.com\/wp-content\/uploads\/2022\/02\/Vitavera_Gradient-LOGO.png","contentUrl":"https:\/\/vitavera-therapy.com\/wp-content\/uploads\/2022\/02\/Vitavera_Gradient-LOGO.png","width":340,"height":340,"caption":"VITAVERA"},"image":{"@id":"https:\/\/vitavera-therapy.com\/en\/#\/schema\/logo\/image\/"},"sameAs":["https:\/\/www.facebook.com\/VitaVeraTherapy","https:\/\/www.instagram.com\/vitavera_therapy\/?hl=it"]}]}},"_links":{"self":[{"href":"https:\/\/vitavera-therapy.com\/en\/wp-json\/wp\/v2\/pages\/988373","targetHints":{"allow":["GET"]}}],"collection":[{"href":"https:\/\/vitavera-therapy.com\/en\/wp-json\/wp\/v2\/pages"}],"about":[{"href":"https:\/\/vitavera-therapy.com\/en\/wp-json\/wp\/v2\/types\/page"}],"author":[{"embeddable":true,"href":"https:\/\/vitavera-therapy.com\/en\/wp-json\/wp\/v2\/users\/1"}],"replies":[{"embeddable":true,"href":"https:\/\/vitavera-therapy.com\/en\/wp-json\/wp\/v2\/comments?post=988373"}],"version-history":[{"count":6,"href":"https:\/\/vitavera-therapy.com\/en\/wp-json\/wp\/v2\/pages\/988373\/revisions"}],"predecessor-version":[{"id":988443,"href":"https:\/\/vitavera-therapy.com\/en\/wp-json\/wp\/v2\/pages\/988373\/revisions\/988443"}],"wp:attachment":[{"href":"https:\/\/vitavera-therapy.com\/en\/wp-json\/wp\/v2\/media?parent=988373"}],"curies":[{"name":"wp","href":"https:\/\/api.w.org\/{rel}","templated":true}]}}